{"id":1283,"date":"2023-08-15T11:37:36","date_gmt":"2023-08-15T09:37:36","guid":{"rendered":"https:\/\/www.missionlocalejeuneloire.fr\/?page_id=1283"},"modified":"2024-07-18T10:44:08","modified_gmt":"2024-07-18T08:44:08","slug":"cap-apprentissage","status":"publish","type":"page","link":"https:\/\/www.missionlocalejeuneloire.fr\/index.php\/cap-apprentissage\/","title":{"rendered":"CAP apprentissage"},"content":{"rendered":"\t\t<div data-elementor-type=\"wp-page\" data-elementor-id=\"1283\" class=\"elementor elementor-1283\">\n\t\t\t\t\t\t<section class=\"elementor-section elementor-top-section elementor-element elementor-element-9c93f5c elementor-section-boxed elementor-section-height-default elementor-section-height-default wpr-particle-no wpr-jarallax-no wpr-parallax-no wpr-sticky-section-no\" data-id=\"9c93f5c\" data-element_type=\"section\">\n\t\t\t\t\t\t<div class=\"elementor-container elementor-column-gap-default\">\n\t\t\t\t\t<div class=\"elementor-column elementor-col-100 elementor-top-column elementor-element elementor-element-e375c17\" data-id=\"e375c17\" data-element_type=\"column\">\n\t\t\t<div class=\"elementor-widget-wrap elementor-element-populated\">\n\t\t\t\t\t\t<div class=\"elementor-element elementor-element-af1acc6 elementor-widget elementor-widget-image\" data-id=\"af1acc6\" data-element_type=\"widget\" data-widget_type=\"image.default\">\n\t\t\t\t<div class=\"elementor-widget-container\">\n\t\t\t\t\t\t\t\t\t\t\t\t\t\t\t<img fetchpriority=\"high\" decoding=\"async\" width=\"1024\" height=\"512\" src=\"https:\/\/www.missionlocalejeuneloire.fr\/wp-content\/uploads\/2024\/07\/apprentissage-1024x512.png\" class=\"attachment-large size-large wp-image-3623\" alt=\"\" srcset=\"https:\/\/www.missionlocalejeuneloire.fr\/wp-content\/uploads\/2024\/07\/apprentissage-1024x512.png 1024w, https:\/\/www.missionlocalejeuneloire.fr\/wp-content\/uploads\/2024\/07\/apprentissage-300x150.png 300w, https:\/\/www.missionlocalejeuneloire.fr\/wp-content\/uploads\/2024\/07\/apprentissage-768x384.png 768w, https:\/\/www.missionlocalejeuneloire.fr\/wp-content\/uploads\/2024\/07\/apprentissage-1536x768.png 1536w, https:\/\/www.missionlocalejeuneloire.fr\/wp-content\/uploads\/2024\/07\/apprentissage-2048x1024.png 2048w\" sizes=\"(max-width: 1024px) 100vw, 1024px\" \/>\t\t\t\t\t\t\t\t\t\t\t\t\t\t\t<\/div>\n\t\t\t\t<\/div>\n\t\t\t\t\t<\/div>\n\t\t<\/div>\n\t\t\t\t\t<\/div>\n\t\t<\/section>\n\t\t\t\t<section class=\"elementor-section elementor-top-section elementor-element elementor-element-406404e elementor-section-boxed elementor-section-height-default elementor-section-height-default wpr-particle-no wpr-jarallax-no wpr-parallax-no wpr-sticky-section-no\" data-id=\"406404e\" data-element_type=\"section\">\n\t\t\t\t\t\t<div class=\"elementor-container elementor-column-gap-default\">\n\t\t\t\t\t<div class=\"elementor-column elementor-col-100 elementor-top-column elementor-element elementor-element-15ac39c\" data-id=\"15ac39c\" data-element_type=\"column\">\n\t\t\t<div class=\"elementor-widget-wrap elementor-element-populated\">\n\t\t\t\t\t\t\t<\/div>\n\t\t<\/div>\n\t\t\t\t\t<\/div>\n\t\t<\/section>\n\t\t\t\t<section class=\"elementor-section elementor-top-section elementor-element elementor-element-8ca073f elementor-section-boxed elementor-section-height-default elementor-section-height-default wpr-particle-no wpr-jarallax-no wpr-parallax-no wpr-sticky-section-no\" data-id=\"8ca073f\" data-element_type=\"section\">\n\t\t\t\t\t\t<div class=\"elementor-container elementor-column-gap-default\">\n\t\t\t\t\t<div class=\"elementor-column elementor-col-33 elementor-top-column elementor-element elementor-element-989bd53\" data-id=\"989bd53\" data-element_type=\"column\">\n\t\t\t<div class=\"elementor-widget-wrap\">\n\t\t\t\t\t\t\t<\/div>\n\t\t<\/div>\n\t\t\t\t<div class=\"elementor-column elementor-col-33 elementor-top-column elementor-element elementor-element-01c8e75\" data-id=\"01c8e75\" data-element_type=\"column\">\n\t\t\t<div class=\"elementor-widget-wrap elementor-element-populated\">\n\t\t\t\t\t\t<div class=\"elementor-element elementor-element-9c82c0a elementor-widget elementor-widget-text-editor\" data-id=\"9c82c0a\" data-element_type=\"widget\" data-widget_type=\"text-editor.default\">\n\t\t\t\t<div class=\"elementor-widget-container\">\n\t\t\t\t\t\t\t\t\t<p>L&rsquo;apprentissage est un mode de formation par alternance, ouvert aux jeunes de 16 \u00e0 29 ans r\u00e9volus ( d\u00e9rogations possibles pour les &#8211; de 16 ans et + de 30 ans ).<br \/>Il associe une p\u00e9riode de formation th\u00e9orique (en centre de formation des apprentis) et une formation pratique en entreprise. Il permet aux jeunes d&rsquo;acqu\u00e9rir simultan\u00e9ment des connaissances et de l&rsquo;exp\u00e9rience.<\/p>\t\t\t\t\t\t\t\t<\/div>\n\t\t\t\t<\/div>\n\t\t\t\t\t<\/div>\n\t\t<\/div>\n\t\t\t\t<div class=\"elementor-column elementor-col-33 elementor-top-column elementor-element elementor-element-c751703\" data-id=\"c751703\" data-element_type=\"column\">\n\t\t\t<div class=\"elementor-widget-wrap\">\n\t\t\t\t\t\t\t<\/div>\n\t\t<\/div>\n\t\t\t\t\t<\/div>\n\t\t<\/section>\n\t\t\t\t<section class=\"elementor-section elementor-top-section elementor-element elementor-element-e32a09f elementor-section-boxed elementor-section-height-default elementor-section-height-default wpr-particle-no wpr-jarallax-no wpr-parallax-no wpr-sticky-section-no\" data-id=\"e32a09f\" data-element_type=\"section\">\n\t\t\t\t\t\t<div class=\"elementor-container elementor-column-gap-default\">\n\t\t\t\t\t<div class=\"elementor-column elementor-col-100 elementor-top-column elementor-element elementor-element-603159b\" data-id=\"603159b\" data-element_type=\"column\">\n\t\t\t<div class=\"elementor-widget-wrap elementor-element-populated\">\n\t\t\t\t\t\t<div class=\"elementor-element elementor-element-0828cd5 elementor-widget elementor-widget-image\" data-id=\"0828cd5\" data-element_type=\"widget\" data-widget_type=\"image.default\">\n\t\t\t\t<div class=\"elementor-widget-container\">\n\t\t\t\t\t\t\t\t\t\t\t\t\t\t\t<img decoding=\"async\" width=\"945\" height=\"141\" src=\"https:\/\/www.missionlocalejeuneloire.fr\/wp-content\/uploads\/2023\/08\/FireShot-Capture-007-CAP-Apprentissage-Mission-Locale-www.missionlocalejeuneloire.fr_.png\" class=\"attachment-large size-large wp-image-1738\" alt=\"\" srcset=\"https:\/\/www.missionlocalejeuneloire.fr\/wp-content\/uploads\/2023\/08\/FireShot-Capture-007-CAP-Apprentissage-Mission-Locale-www.missionlocalejeuneloire.fr_.png 945w, https:\/\/www.missionlocalejeuneloire.fr\/wp-content\/uploads\/2023\/08\/FireShot-Capture-007-CAP-Apprentissage-Mission-Locale-www.missionlocalejeuneloire.fr_-600x90.png 600w, https:\/\/www.missionlocalejeuneloire.fr\/wp-content\/uploads\/2023\/08\/FireShot-Capture-007-CAP-Apprentissage-Mission-Locale-www.missionlocalejeuneloire.fr_-300x45.png 300w, https:\/\/www.missionlocalejeuneloire.fr\/wp-content\/uploads\/2023\/08\/FireShot-Capture-007-CAP-Apprentissage-Mission-Locale-www.missionlocalejeuneloire.fr_-768x115.png 768w\" sizes=\"(max-width: 945px) 100vw, 945px\" \/>\t\t\t\t\t\t\t\t\t\t\t\t\t\t\t<\/div>\n\t\t\t\t<\/div>\n\t\t\t\t\t<\/div>\n\t\t<\/div>\n\t\t\t\t\t<\/div>\n\t\t<\/section>\n\t\t\t\t<section class=\"elementor-section elementor-top-section elementor-element elementor-element-552245a elementor-section-boxed elementor-section-height-default elementor-section-height-default wpr-particle-no wpr-jarallax-no wpr-parallax-no wpr-sticky-section-no\" data-id=\"552245a\" data-element_type=\"section\">\n\t\t\t\t\t\t<div class=\"elementor-container elementor-column-gap-default\">\n\t\t\t\t\t<div class=\"elementor-column elementor-col-100 elementor-top-column elementor-element elementor-element-31a1326\" data-id=\"31a1326\" data-element_type=\"column\">\n\t\t\t<div class=\"elementor-widget-wrap elementor-element-populated\">\n\t\t\t\t\t\t<div class=\"elementor-element elementor-element-d5e9019 elementor-widget elementor-widget-spacer\" data-id=\"d5e9019\" data-element_type=\"widget\" data-widget_type=\"spacer.default\">\n\t\t\t\t<div class=\"elementor-widget-container\">\n\t\t\t\t\t\t\t<div class=\"elementor-spacer\">\n\t\t\t<div class=\"elementor-spacer-inner\"><\/div>\n\t\t<\/div>\n\t\t\t\t\t\t<\/div>\n\t\t\t\t<\/div>\n\t\t\t\t\t<\/div>\n\t\t<\/div>\n\t\t\t\t\t<\/div>\n\t\t<\/section>\n\t\t\t\t<section class=\"elementor-section elementor-top-section elementor-element elementor-element-2c6f2d5 elementor-section-boxed elementor-section-height-default elementor-section-height-default wpr-particle-no wpr-jarallax-no wpr-parallax-no wpr-sticky-section-no\" data-id=\"2c6f2d5\" data-element_type=\"section\">\n\t\t\t\t\t\t<div class=\"elementor-container elementor-column-gap-default\">\n\t\t\t\t\t<div class=\"elementor-column elementor-col-100 elementor-top-column elementor-element elementor-element-fd73f60\" data-id=\"fd73f60\" data-element_type=\"column\">\n\t\t\t<div class=\"elementor-widget-wrap elementor-element-populated\">\n\t\t\t\t\t\t<div class=\"elementor-element elementor-element-4504526 elementor-widget elementor-widget-text-editor\" data-id=\"4504526\" data-element_type=\"widget\" data-widget_type=\"text-editor.default\">\n\t\t\t\t<div class=\"elementor-widget-container\">\n\t\t\t\t\t\t\t\t\t<h4 class=\"font_0 wixui-rich-text__text\"><span class=\"wixui-rich-text__text\" style=\"color: #003366;\">Dans le cadre du financement du Fonds Social Europ\u00e9en, <br \/>la Mission Locale peut vous accompagner dans votre recherche d&rsquo;apprentissage !<\/span><\/h4><ul><li><span class=\"wixui-rich-text__text\">Trouver un employeur<\/span><\/li><li><span class=\"wixui-rich-text__text\">Rechercher un stage<\/span><\/li><li><span class=\"wixui-rich-text__text\">Orienter vers les organismes de formation<\/span><\/li><li><span class=\"wixui-rich-text__text\">R\u00e9pondre \u00e0 vos questions<br class=\"wixui-rich-text__text\" \/>Nous sommes l\u00e0 pour vous, contactez-nous!<\/span><\/li><\/ul>\t\t\t\t\t\t\t\t<\/div>\n\t\t\t\t<\/div>\n\t\t\t\t\t<\/div>\n\t\t<\/div>\n\t\t\t\t\t<\/div>\n\t\t<\/section>\n\t\t\t\t<section class=\"elementor-section elementor-top-section elementor-element elementor-element-e42c7f2 elementor-section-boxed elementor-section-height-default elementor-section-height-default wpr-particle-no wpr-jarallax-no wpr-parallax-no wpr-sticky-section-no\" data-id=\"e42c7f2\" data-element_type=\"section\">\n\t\t\t\t\t\t<div class=\"elementor-container elementor-column-gap-default\">\n\t\t\t\t\t<div class=\"elementor-column elementor-col-100 elementor-top-column elementor-element elementor-element-ffa7272\" data-id=\"ffa7272\" data-element_type=\"column\">\n\t\t\t<div class=\"elementor-widget-wrap elementor-element-populated\">\n\t\t\t\t\t\t<div class=\"elementor-element elementor-element-c0e3124 elementor-widget elementor-widget-image\" data-id=\"c0e3124\" data-element_type=\"widget\" data-widget_type=\"image.default\">\n\t\t\t\t<div class=\"elementor-widget-container\">\n\t\t\t\t\t\t\t\t\t\t\t\t\t\t\t<img decoding=\"async\" width=\"1024\" height=\"422\" src=\"https:\/\/www.missionlocalejeuneloire.fr\/wp-content\/uploads\/2023\/08\/tu-as-entre-16-et-25-ans-1024x422.png\" class=\"attachment-large size-large wp-image-1745\" alt=\"\" srcset=\"https:\/\/www.missionlocalejeuneloire.fr\/wp-content\/uploads\/2023\/08\/tu-as-entre-16-et-25-ans-1024x422.png 1024w, https:\/\/www.missionlocalejeuneloire.fr\/wp-content\/uploads\/2023\/08\/tu-as-entre-16-et-25-ans-600x247.png 600w, https:\/\/www.missionlocalejeuneloire.fr\/wp-content\/uploads\/2023\/08\/tu-as-entre-16-et-25-ans-300x124.png 300w, https:\/\/www.missionlocalejeuneloire.fr\/wp-content\/uploads\/2023\/08\/tu-as-entre-16-et-25-ans-768x316.png 768w, https:\/\/www.missionlocalejeuneloire.fr\/wp-content\/uploads\/2023\/08\/tu-as-entre-16-et-25-ans.png 1032w\" sizes=\"(max-width: 1024px) 100vw, 1024px\" \/>\t\t\t\t\t\t\t\t\t\t\t\t\t\t\t<\/div>\n\t\t\t\t<\/div>\n\t\t\t\t<div class=\"elementor-element elementor-element-03ab74f elementor-widget elementor-widget-heading\" data-id=\"03ab74f\" data-element_type=\"widget\" data-widget_type=\"heading.default\">\n\t\t\t\t<div class=\"elementor-widget-container\">\n\t\t\t\t\t<h2 class=\"elementor-heading-title elementor-size-default\">#1jeune1solution<\/h2>\t\t\t\t<\/div>\n\t\t\t\t<\/div>\n\t\t\t\t\t<\/div>\n\t\t<\/div>\n\t\t\t\t\t<\/div>\n\t\t<\/section>\n\t\t\t\t<section class=\"elementor-section elementor-top-section elementor-element elementor-element-34736e9 elementor-section-boxed elementor-section-height-default elementor-section-height-default wpr-particle-no wpr-jarallax-no wpr-parallax-no wpr-sticky-section-no\" data-id=\"34736e9\" data-element_type=\"section\">\n\t\t\t\t\t\t<div class=\"elementor-container elementor-column-gap-default\">\n\t\t\t\t\t<div class=\"elementor-column elementor-col-50 elementor-top-column elementor-element elementor-element-b6d3c78\" data-id=\"b6d3c78\" data-element_type=\"column\">\n\t\t\t<div class=\"elementor-widget-wrap elementor-element-populated\">\n\t\t\t\t\t\t<div class=\"elementor-element elementor-element-7ea6e59 elementor-widget elementor-widget-image\" data-id=\"7ea6e59\" data-element_type=\"widget\" data-widget_type=\"image.default\">\n\t\t\t\t<div class=\"elementor-widget-container\">\n\t\t\t\t\t\t\t\t\t\t\t\t\t\t\t<img loading=\"lazy\" decoding=\"async\" width=\"706\" height=\"299\" src=\"https:\/\/www.missionlocalejeuneloire.fr\/wp-content\/uploads\/2023\/08\/une-aide-exeptionnel.png\" class=\"attachment-large size-large wp-image-1747\" alt=\"\" srcset=\"https:\/\/www.missionlocalejeuneloire.fr\/wp-content\/uploads\/2023\/08\/une-aide-exeptionnel.png 706w, https:\/\/www.missionlocalejeuneloire.fr\/wp-content\/uploads\/2023\/08\/une-aide-exeptionnel-600x254.png 600w, https:\/\/www.missionlocalejeuneloire.fr\/wp-content\/uploads\/2023\/08\/une-aide-exeptionnel-300x127.png 300w\" sizes=\"(max-width: 706px) 100vw, 706px\" \/>\t\t\t\t\t\t\t\t\t\t\t\t\t\t\t<\/div>\n\t\t\t\t<\/div>\n\t\t\t\t\t<\/div>\n\t\t<\/div>\n\t\t\t\t<div class=\"elementor-column elementor-col-50 elementor-top-column elementor-element elementor-element-cf45425\" data-id=\"cf45425\" data-element_type=\"column\">\n\t\t\t<div class=\"elementor-widget-wrap elementor-element-populated\">\n\t\t\t\t\t\t<div class=\"elementor-element elementor-element-6333359 elementor-widget elementor-widget-image\" data-id=\"6333359\" data-element_type=\"widget\" data-widget_type=\"image.default\">\n\t\t\t\t<div class=\"elementor-widget-container\">\n\t\t\t\t\t\t\t\t\t\t\t\t\t\t\t<img loading=\"lazy\" decoding=\"async\" width=\"682\" height=\"337\" src=\"https:\/\/www.missionlocalejeuneloire.fr\/wp-content\/uploads\/2023\/08\/elargissement-au-contrat-pro.png\" class=\"attachment-large size-large wp-image-1748\" alt=\"\" srcset=\"https:\/\/www.missionlocalejeuneloire.fr\/wp-content\/uploads\/2023\/08\/elargissement-au-contrat-pro.png 682w, https:\/\/www.missionlocalejeuneloire.fr\/wp-content\/uploads\/2023\/08\/elargissement-au-contrat-pro-600x296.png 600w, https:\/\/www.missionlocalejeuneloire.fr\/wp-content\/uploads\/2023\/08\/elargissement-au-contrat-pro-300x148.png 300w\" sizes=\"(max-width: 682px) 100vw, 682px\" \/>\t\t\t\t\t\t\t\t\t\t\t\t\t\t\t<\/div>\n\t\t\t\t<\/div>\n\t\t\t\t\t<\/div>\n\t\t<\/div>\n\t\t\t\t\t<\/div>\n\t\t<\/section>\n\t\t\t\t<section class=\"elementor-section elementor-top-section elementor-element elementor-element-f08e628 elementor-section-boxed elementor-section-height-default elementor-section-height-default wpr-particle-no wpr-jarallax-no wpr-parallax-no wpr-sticky-section-no\" data-id=\"f08e628\" data-element_type=\"section\">\n\t\t\t\t\t\t<div class=\"elementor-container elementor-column-gap-default\">\n\t\t\t\t\t<div class=\"elementor-column elementor-col-50 elementor-top-column elementor-element elementor-element-2c06550\" data-id=\"2c06550\" data-element_type=\"column\">\n\t\t\t<div class=\"elementor-widget-wrap elementor-element-populated\">\n\t\t\t\t\t\t<div class=\"elementor-element elementor-element-f5c09ef elementor-widget elementor-widget-image\" data-id=\"f5c09ef\" data-element_type=\"widget\" data-widget_type=\"image.default\">\n\t\t\t\t<div class=\"elementor-widget-container\">\n\t\t\t\t\t\t\t\t\t\t\t\t\t\t\t<img loading=\"lazy\" decoding=\"async\" width=\"838\" height=\"347\" src=\"https:\/\/www.missionlocalejeuneloire.fr\/wp-content\/uploads\/2023\/08\/augmentation-du-quota.png\" class=\"attachment-large size-large wp-image-1753\" alt=\"\" srcset=\"https:\/\/www.missionlocalejeuneloire.fr\/wp-content\/uploads\/2023\/08\/augmentation-du-quota.png 838w, https:\/\/www.missionlocalejeuneloire.fr\/wp-content\/uploads\/2023\/08\/augmentation-du-quota-600x248.png 600w, https:\/\/www.missionlocalejeuneloire.fr\/wp-content\/uploads\/2023\/08\/augmentation-du-quota-300x124.png 300w, https:\/\/www.missionlocalejeuneloire.fr\/wp-content\/uploads\/2023\/08\/augmentation-du-quota-768x318.png 768w\" sizes=\"(max-width: 838px) 100vw, 838px\" \/>\t\t\t\t\t\t\t\t\t\t\t\t\t\t\t<\/div>\n\t\t\t\t<\/div>\n\t\t\t\t\t<\/div>\n\t\t<\/div>\n\t\t\t\t<div class=\"elementor-column elementor-col-50 elementor-top-column elementor-element elementor-element-f8926c7\" data-id=\"f8926c7\" data-element_type=\"column\">\n\t\t\t<div class=\"elementor-widget-wrap elementor-element-populated\">\n\t\t\t\t\t\t<div class=\"elementor-element elementor-element-f9056fe elementor-widget elementor-widget-image\" data-id=\"f9056fe\" data-element_type=\"widget\" data-widget_type=\"image.default\">\n\t\t\t\t<div class=\"elementor-widget-container\">\n\t\t\t\t\t\t\t\t\t\t\t\t\t\t\t<img loading=\"lazy\" decoding=\"async\" width=\"828\" height=\"342\" src=\"https:\/\/www.missionlocalejeuneloire.fr\/wp-content\/uploads\/2023\/08\/ajustement-du-niveau.png\" class=\"attachment-large size-large wp-image-1754\" alt=\"\" srcset=\"https:\/\/www.missionlocalejeuneloire.fr\/wp-content\/uploads\/2023\/08\/ajustement-du-niveau.png 828w, https:\/\/www.missionlocalejeuneloire.fr\/wp-content\/uploads\/2023\/08\/ajustement-du-niveau-600x248.png 600w, https:\/\/www.missionlocalejeuneloire.fr\/wp-content\/uploads\/2023\/08\/ajustement-du-niveau-300x124.png 300w, https:\/\/www.missionlocalejeuneloire.fr\/wp-content\/uploads\/2023\/08\/ajustement-du-niveau-768x317.png 768w\" sizes=\"(max-width: 828px) 100vw, 828px\" \/>\t\t\t\t\t\t\t\t\t\t\t\t\t\t\t<\/div>\n\t\t\t\t<\/div>\n\t\t\t\t\t<\/div>\n\t\t<\/div>\n\t\t\t\t\t<\/div>\n\t\t<\/section>\n\t\t\t\t<section class=\"elementor-section elementor-top-section elementor-element elementor-element-f07a072 elementor-section-boxed elementor-section-height-default elementor-section-height-default wpr-particle-no wpr-jarallax-no wpr-parallax-no wpr-sticky-section-no\" data-id=\"f07a072\" data-element_type=\"section\">\n\t\t\t\t\t\t<div class=\"elementor-container elementor-column-gap-default\">\n\t\t\t\t\t<div class=\"elementor-column elementor-col-100 elementor-top-column elementor-element elementor-element-7eb1028\" data-id=\"7eb1028\" data-element_type=\"column\">\n\t\t\t<div class=\"elementor-widget-wrap elementor-element-populated\">\n\t\t\t\t\t\t<div class=\"elementor-element elementor-element-5c4ab40 elementor-widget elementor-widget-heading\" data-id=\"5c4ab40\" data-element_type=\"widget\" data-widget_type=\"heading.default\">\n\t\t\t\t<div class=\"elementor-widget-container\">\n\t\t\t\t\t<h2 class=\"elementor-heading-title elementor-size-default\">Cette action vous int\u00e9resse, contactez la Mission Locale.<\/h2>\t\t\t\t<\/div>\n\t\t\t\t<\/div>\n\t\t\t\t<div class=\"elementor-element elementor-element-d9a3aa4 elementor-align-center elementor-widget elementor-widget-button\" data-id=\"d9a3aa4\" data-element_type=\"widget\" data-widget_type=\"button.default\">\n\t\t\t\t<div class=\"elementor-widget-container\">\n\t\t\t\t\t\t\t\t\t<div class=\"elementor-button-wrapper\">\n\t\t\t\t\t<a class=\"elementor-button elementor-button-link elementor-size-md elementor-animation-grow\" href=\"https:\/\/www.missionlocalejeuneloire.fr\/index.php\/contact\/\">\n\t\t\t\t\t\t<span class=\"elementor-button-content-wrapper\">\n\t\t\t\t\t\t\t\t\t<span class=\"elementor-button-text\">Contactez-nous<\/span>\n\t\t\t\t\t<\/span>\n\t\t\t\t\t<\/a>\n\t\t\t\t<\/div>\n\t\t\t\t\t\t\t\t<\/div>\n\t\t\t\t<\/div>\n\t\t\t\t<div class=\"elementor-element elementor-element-37eb25c elementor-widget elementor-widget-spacer\" data-id=\"37eb25c\" data-element_type=\"widget\" data-widget_type=\"spacer.default\">\n\t\t\t\t<div class=\"elementor-widget-container\">\n\t\t\t\t\t\t\t<div class=\"elementor-spacer\">\n\t\t\t<div class=\"elementor-spacer-inner\"><\/div>\n\t\t<\/div>\n\t\t\t\t\t\t<\/div>\n\t\t\t\t<\/div>\n\t\t\t\t\t<\/div>\n\t\t<\/div>\n\t\t\t\t\t<\/div>\n\t\t<\/section>\n\t\t\t\t<\/div>\n\t\t","protected":false},"excerpt":{"rendered":"<p>L&rsquo;apprentissage est un mode de formation par alternance, ouvert aux jeunes de 16 \u00e0 29 ans r\u00e9volus ( d\u00e9rogations possibles pour les &#8211; de 16 ans et + de 30 ans ).Il associe une p\u00e9riode de formation th\u00e9orique (en centre de formation des apprentis) et une formation pratique en entreprise. Il permet aux jeunes d&rsquo;acqu\u00e9rir simultan\u00e9ment des connaissances et de l&rsquo;exp\u00e9rience. Dans le cadre du financement du Fonds Social Europ\u00e9en, la Mission Locale peut vous accompagner dans votre recherche d&rsquo;apprentissage ! Trouver un employeur Rechercher un stage Orienter vers les organismes de formation R\u00e9pondre \u00e0 vos questionsNous sommes l\u00e0 pour vous, contactez-nous! #1jeune1solution Cette action vous int\u00e9resse, contactez la Mission Locale. Contactez-nous<\/p>\n","protected":false},"author":1,"featured_media":0,"parent":0,"menu_order":0,"comment_status":"closed","ping_status":"closed","template":"elementor_header_footer","meta":{"footnotes":""},"class_list":["post-1283","page","type-page","status-publish","hentry","entry"],"_links":{"self":[{"href":"https:\/\/www.missionlocalejeuneloire.fr\/index.php\/wp-json\/wp\/v2\/pages\/1283","targetHints":{"allow":["GET"]}}],"collection":[{"href":"https:\/\/www.missionlocalejeuneloire.fr\/index.php\/wp-json\/wp\/v2\/pages"}],"about":[{"href":"https:\/\/www.missionlocalejeuneloire.fr\/index.php\/wp-json\/wp\/v2\/types\/page"}],"author":[{"embeddable":true,"href":"https:\/\/www.missionlocalejeuneloire.fr\/index.php\/wp-json\/wp\/v2\/users\/1"}],"replies":[{"embeddable":true,"href":"https:\/\/www.missionlocalejeuneloire.fr\/index.php\/wp-json\/wp\/v2\/comments?post=1283"}],"version-history":[{"count":0,"href":"https:\/\/www.missionlocalejeuneloire.fr\/index.php\/wp-json\/wp\/v2\/pages\/1283\/revisions"}],"wp:attachment":[{"href":"https:\/\/www.missionlocalejeuneloire.fr\/index.php\/wp-json\/wp\/v2\/media?parent=1283"}],"curies":[{"name":"wp","href":"https:\/\/api.w.org\/{rel}","templated":true}]}}