{"id":1433,"date":"2023-08-25T13:15:40","date_gmt":"2023-08-25T11:15:40","guid":{"rendered":"https:\/\/www.missionlocalejeuneloire.fr\/?page_id=1433"},"modified":"2023-09-21T11:10:56","modified_gmt":"2023-09-21T09:10:56","slug":"nos-financeurs","status":"publish","type":"page","link":"https:\/\/www.missionlocalejeuneloire.fr\/index.php\/nos-financeurs\/","title":{"rendered":"Nos financeurs"},"content":{"rendered":"\t\t<div data-elementor-type=\"wp-page\" data-elementor-id=\"1433\" class=\"elementor elementor-1433\">\n\t\t\t\t\t\t<section class=\"elementor-section elementor-top-section elementor-element elementor-element-c0744b8 elementor-section-boxed elementor-section-height-default elementor-section-height-default wpr-particle-no wpr-jarallax-no wpr-parallax-no wpr-sticky-section-no\" data-id=\"c0744b8\" data-element_type=\"section\">\n\t\t\t\t\t\t<div class=\"elementor-container elementor-column-gap-default\">\n\t\t\t\t\t<div class=\"elementor-column elementor-col-33 elementor-top-column elementor-element elementor-element-3e1d3cd\" data-id=\"3e1d3cd\" data-element_type=\"column\">\n\t\t\t<div class=\"elementor-widget-wrap\">\n\t\t\t\t\t\t\t<\/div>\n\t\t<\/div>\n\t\t\t\t<div class=\"elementor-column elementor-col-33 elementor-top-column elementor-element elementor-element-3ceffbd\" data-id=\"3ceffbd\" data-element_type=\"column\">\n\t\t\t<div class=\"elementor-widget-wrap elementor-element-populated\">\n\t\t\t\t\t\t<div class=\"elementor-element elementor-element-442fa6e elementor-widget elementor-widget-image\" data-id=\"442fa6e\" data-element_type=\"widget\" data-widget_type=\"image.default\">\n\t\t\t\t<div class=\"elementor-widget-container\">\n\t\t\t\t\t\t\t\t\t\t\t\t\t\t\t<img fetchpriority=\"high\" decoding=\"async\" width=\"768\" height=\"484\" src=\"https:\/\/www.missionlocalejeuneloire.fr\/wp-content\/uploads\/2023\/09\/Nos-financiers.jpg\" class=\"attachment-large size-large wp-image-2137\" alt=\"\" srcset=\"https:\/\/www.missionlocalejeuneloire.fr\/wp-content\/uploads\/2023\/09\/Nos-financiers.jpg 768w, https:\/\/www.missionlocalejeuneloire.fr\/wp-content\/uploads\/2023\/09\/Nos-financiers-600x378.jpg 600w, https:\/\/www.missionlocalejeuneloire.fr\/wp-content\/uploads\/2023\/09\/Nos-financiers-300x189.jpg 300w\" sizes=\"(max-width: 768px) 100vw, 768px\" \/>\t\t\t\t\t\t\t\t\t\t\t\t\t\t\t<\/div>\n\t\t\t\t<\/div>\n\t\t\t\t\t<\/div>\n\t\t<\/div>\n\t\t\t\t<div class=\"elementor-column elementor-col-33 elementor-top-column elementor-element elementor-element-ab92677\" data-id=\"ab92677\" data-element_type=\"column\">\n\t\t\t<div class=\"elementor-widget-wrap\">\n\t\t\t\t\t\t\t<\/div>\n\t\t<\/div>\n\t\t\t\t\t<\/div>\n\t\t<\/section>\n\t\t\t\t<section class=\"elementor-section elementor-top-section elementor-element elementor-element-f764a9a elementor-section-boxed elementor-section-height-default elementor-section-height-default wpr-particle-no wpr-jarallax-no wpr-parallax-no wpr-sticky-section-no\" data-id=\"f764a9a\" data-element_type=\"section\">\n\t\t\t\t\t\t<div class=\"elementor-container elementor-column-gap-default\">\n\t\t\t\t\t<div class=\"elementor-column elementor-col-100 elementor-top-column elementor-element elementor-element-56565f0\" data-id=\"56565f0\" data-element_type=\"column\">\n\t\t\t<div class=\"elementor-widget-wrap elementor-element-populated\">\n\t\t\t\t\t\t<div class=\"elementor-element elementor-element-4071a5f elementor-widget elementor-widget-heading\" data-id=\"4071a5f\" data-element_type=\"widget\" data-widget_type=\"heading.default\">\n\t\t\t\t<div class=\"elementor-widget-container\">\n\t\t\t\t\t<h2 class=\"elementor-heading-title elementor-size-default\">Nos principaux financeurs :<br> Un soutien essentiel pour r\u00e9aliser notre mission<\/h2>\t\t\t\t<\/div>\n\t\t\t\t<\/div>\n\t\t\t\t<div class=\"elementor-element elementor-element-2022466 elementor-widget elementor-widget-text-editor\" data-id=\"2022466\" data-element_type=\"widget\" data-widget_type=\"text-editor.default\">\n\t\t\t\t<div class=\"elementor-widget-container\">\n\t\t\t\t\t\t\t\t\t<p style=\"text-align: justify;\">La Mission Locale de la Jeune Loire ne serait pas ce qu&rsquo;elle est aujourd&rsquo;hui sans le soutien solide et essentiel de nos principaux financeurs. Chacun de ces partenaires joue un r\u00f4le vital dans notre capacit\u00e9 \u00e0 guider, soutenir et inspirer les jeunes de notre r\u00e9gion vers un avenir prometteur.<\/p><p style=\"text-align: justify;\">Nos cinq communaut\u00e9s de communes du bassin yssingelais sont les premiers architectes de notre succ\u00e8s. Leur engagement envers le d\u00e9veloppement des jeunes de notre bassin est un t\u00e9moignage de leur vision \u00e0 long terme et de leur d\u00e9vouement envers la prosp\u00e9rit\u00e9 de notre communaut\u00e9. Leur soutien financier renforce notre capacit\u00e9 \u00e0 atteindre plus de jeunes, \u00e0 cr\u00e9er des actions novatrices et \u00e0 renforcer les ponts entre les talents locaux et les opportunit\u00e9s professionnelles.<\/p><p style=\"text-align: justify;\">L&rsquo;\u00c9tat, en reconnaissant l&rsquo;importance de notre mission, joue un r\u00f4le fondamental dans notre existence continue. Leur soutien financier est un gage de confiance envers notre capacit\u00e9 \u00e0 r\u00e9aliser un impact positif et durable dans la vie des jeunes que nous servons. Cette contribution t\u00e9moigne de la collaboration fructueuse entre les entit\u00e9s gouvernementales et les acteurs locaux pour fa\u00e7onner l&rsquo;avenir.<\/p><p style=\"text-align: justify;\">Le Conseil R\u00e9gional et le Conseil D\u00e9partemental incarnent l&rsquo;engagement envers le d\u00e9veloppement holistique de notre territoire. Leur soutien financier refl\u00e8te leur compr\u00e9hension de l&rsquo;importance d&rsquo;une jeunesse \u00e9panouie pour la croissance locale. En investissant dans notre mission, ils investissent dans le potentiel des g\u00e9n\u00e9rations montantes.<\/p><p style=\"text-align: justify;\">Le Fonds Social Europ\u00e9en (FSE) apporte une dimension exp\u00e9rimentale \u00e0 notre cause. Leur soutien d\u00e9montre l&rsquo;importance de la coop\u00e9ration pour relever les d\u00e9fis communs. Le FSE renforce notre capacit\u00e9 \u00e0 offrir des programmes de qualit\u00e9 qui non seulement soutiennent les jeunes individuellement, mais contribuent \u00e9galement \u00e0 renforcer le tissu social et \u00e9conomique de notre environnement.<\/p><p style=\"text-align: justify;\">Chaque partenaire financier apporte un maillon essentiel \u00e0 la cha\u00eene du succ\u00e8s de la Mission Locale de la Jeune Loire. Leurs contributions ne se limitent pas au soutien financier, mais incluent \u00e9galement une marque de confiance et de reconnaissance envers notre mission. Nous sommes fiers de travailler main dans la main avec ces acteurs, car c&rsquo;est gr\u00e2ce \u00e0 leur engagement que nous sommes en mesure d&rsquo;\u00e9clairer le chemin des jeunes vers un avenir plus brillant.<\/p><p style=\"text-align: justify;\">Ensemble, avec nos principaux financeurs, nous construisons une plateforme o\u00f9 les r\u00eaves des jeunes se transforment en r\u00e9alit\u00e9s tangibles. Leur soutien est un t\u00e9moignage de notre partenariat solide et de notre objectif partag\u00e9 de cr\u00e9er un avenir prosp\u00e8re pour notre les jeunes g\u00e9n\u00e9rations.<\/p>\t\t\t\t\t\t\t\t<\/div>\n\t\t\t\t<\/div>\n\t\t\t\t<div class=\"elementor-element elementor-element-475850f elementor-widget elementor-widget-heading\" data-id=\"475850f\" data-element_type=\"widget\" data-widget_type=\"heading.default\">\n\t\t\t\t<div class=\"elementor-widget-container\">\n\t\t\t\t\t<h2 class=\"elementor-heading-title elementor-size-default\">Pour plus d\u2019information contactez la Mission Locale.<\/h2>\t\t\t\t<\/div>\n\t\t\t\t<\/div>\n\t\t\t\t<div class=\"elementor-element elementor-element-afd74e4 elementor-align-center elementor-widget elementor-widget-button\" data-id=\"afd74e4\" data-element_type=\"widget\" data-widget_type=\"button.default\">\n\t\t\t\t<div class=\"elementor-widget-container\">\n\t\t\t\t\t\t\t\t\t<div class=\"elementor-button-wrapper\">\n\t\t\t\t\t<a class=\"elementor-button elementor-button-link elementor-size-md elementor-animation-grow\" href=\"https:\/\/www.missionlocalejeuneloire.fr\/index.php\/contact\/\">\n\t\t\t\t\t\t<span class=\"elementor-button-content-wrapper\">\n\t\t\t\t\t\t\t\t\t<span class=\"elementor-button-text\">Contactez-nous<\/span>\n\t\t\t\t\t<\/span>\n\t\t\t\t\t<\/a>\n\t\t\t\t<\/div>\n\t\t\t\t\t\t\t\t<\/div>\n\t\t\t\t<\/div>\n\t\t\t\t<div class=\"elementor-element elementor-element-1194a86 elementor-widget elementor-widget-spacer\" data-id=\"1194a86\" data-element_type=\"widget\" data-widget_type=\"spacer.default\">\n\t\t\t\t<div class=\"elementor-widget-container\">\n\t\t\t\t\t\t\t<div class=\"elementor-spacer\">\n\t\t\t<div class=\"elementor-spacer-inner\"><\/div>\n\t\t<\/div>\n\t\t\t\t\t\t<\/div>\n\t\t\t\t<\/div>\n\t\t\t\t<div class=\"elementor-element elementor-element-c143e24 elementor-widget elementor-widget-heading\" data-id=\"c143e24\" data-element_type=\"widget\" data-widget_type=\"heading.default\">\n\t\t\t\t<div class=\"elementor-widget-container\">\n\t\t\t\t\t<h2 class=\"elementor-heading-title elementor-size-default\">Nos principaux financeurs<\/h2>\t\t\t\t<\/div>\n\t\t\t\t<\/div>\n\t\t\t\t<div class=\"elementor-element elementor-element-678075a elementor-skin-carousel elementor-arrows-yes elementor-pagination-type-bullets elementor-pagination-position-outside elementor-widget elementor-widget-media-carousel\" data-id=\"678075a\" data-element_type=\"widget\" data-settings=\"{&quot;slides_per_view&quot;:&quot;6&quot;,&quot;skin&quot;:&quot;carousel&quot;,&quot;effect&quot;:&quot;slide&quot;,&quot;show_arrows&quot;:&quot;yes&quot;,&quot;pagination&quot;:&quot;bullets&quot;,&quot;speed&quot;:500,&quot;autoplay&quot;:&quot;yes&quot;,&quot;autoplay_speed&quot;:5000,&quot;loop&quot;:&quot;yes&quot;,&quot;pause_on_hover&quot;:&quot;yes&quot;,&quot;pause_on_interaction&quot;:&quot;yes&quot;,&quot;space_between&quot;:{&quot;unit&quot;:&quot;px&quot;,&quot;size&quot;:10,&quot;sizes&quot;:[]},&quot;space_between_tablet&quot;:{&quot;unit&quot;:&quot;px&quot;,&quot;size&quot;:10,&quot;sizes&quot;:[]},&quot;space_between_mobile&quot;:{&quot;unit&quot;:&quot;px&quot;,&quot;size&quot;:10,&quot;sizes&quot;:[]}}\" data-widget_type=\"media-carousel.default\">\n\t\t\t\t<div class=\"elementor-widget-container\">\n\t\t\t\t\t\t\t<div class=\"elementor-swiper\">\n\t\t\t<div class=\"elementor-main-swiper swiper-container\">\n\t\t\t\t<div class=\"swiper-wrapper\">\n\t\t\t\t\t\t\t\t\t\t\t<div class=\"swiper-slide\">\n\t\t\t\t\t\t\t\t\t<div class=\"elementor-carousel-image\" style=\"background-image: url(https:\/\/www.missionlocalejeuneloire.fr\/wp-content\/uploads\/2023\/09\/Union-Europeenne.jpg)\">\n\t\t\t\t\t<\/div>\n\t\t\t\t\t\t\t\t<\/div>\n\t\t\t\t\t\t\t\t\t\t\t<div class=\"swiper-slide\">\n\t\t\t\t\t\t\t\t\t<div class=\"elementor-carousel-image\" style=\"background-image: url(https:\/\/www.missionlocalejeuneloire.fr\/wp-content\/uploads\/2023\/09\/LOGO-MINISTERE-DU-TRAVAIL-\u2013-HAUT-COMMISSAIRE-AUX-COMPETENCES-ET-A-LINCLUSION-PAR-LEMPLOI.jpg)\">\n\t\t\t\t\t<\/div>\n\t\t\t\t\t\t\t\t<\/div>\n\t\t\t\t\t\t\t\t\t\t\t<div class=\"swiper-slide\">\n\t\t\t\t\t\t\t\t\t<div class=\"elementor-carousel-image\" style=\"background-image: url(https:\/\/www.missionlocalejeuneloire.fr\/wp-content\/uploads\/2023\/09\/Logo-Region.jpg)\">\n\t\t\t\t\t<\/div>\n\t\t\t\t\t\t\t\t<\/div>\n\t\t\t\t\t\t\t\t\t\t\t<div class=\"swiper-slide\">\n\t\t\t\t\t\t\t\t\t<div class=\"elementor-carousel-image\" style=\"background-image: url(https:\/\/www.missionlocalejeuneloire.fr\/wp-content\/uploads\/2023\/09\/LOGO-MARCHES-VELAY-ROCHEBARON.jpg)\">\n\t\t\t\t\t<\/div>\n\t\t\t\t\t\t\t\t<\/div>\n\t\t\t\t\t\t\t\t\t\t\t<div class=\"swiper-slide\">\n\t\t\t\t\t\t\t\t\t<div class=\"elementor-carousel-image\" style=\"background-image: url(https:\/\/www.missionlocalejeuneloire.fr\/wp-content\/uploads\/2023\/09\/LOGO-DEPT43_2019.png)\">\n\t\t\t\t\t<\/div>\n\t\t\t\t\t\t\t\t<\/div>\n\t\t\t\t\t\t\t\t\t\t\t<div class=\"swiper-slide\">\n\t\t\t\t\t\t\t\t\t<div class=\"elementor-carousel-image\" style=\"background-image: url(https:\/\/www.missionlocalejeuneloire.fr\/wp-content\/uploads\/2023\/09\/LOGO-CC-LOIRE-SEMENE.jpg)\">\n\t\t\t\t\t<\/div>\n\t\t\t\t\t\t\t\t<\/div>\n\t\t\t\t\t\t\t\t\t\t\t<div class=\"swiper-slide\">\n\t\t\t\t\t\t\t\t\t<div class=\"elementor-carousel-image\" style=\"background-image: url(https:\/\/www.missionlocalejeuneloire.fr\/wp-content\/uploads\/2023\/09\/CC-pays-de-Montfaucon.jpg)\">\n\t\t\t\t\t<\/div>\n\t\t\t\t\t\t\t\t<\/div>\n\t\t\t\t\t\t\t\t\t\t\t<div class=\"swiper-slide\">\n\t\t\t\t\t\t\t\t\t<div class=\"elementor-carousel-image\" style=\"background-image: url(https:\/\/www.missionlocalejeuneloire.fr\/wp-content\/uploads\/2023\/09\/CC-Haut-Lignon.jpg)\">\n\t\t\t\t\t<\/div>\n\t\t\t\t\t\t\t\t<\/div>\n\t\t\t\t\t\t\t\t\t\t\t<div class=\"swiper-slide\">\n\t\t\t\t\t\t\t\t\t<div class=\"elementor-carousel-image\" style=\"background-image: url(https:\/\/www.missionlocalejeuneloire.fr\/wp-content\/uploads\/2023\/09\/CC-des-Sucs.jpg)\">\n\t\t\t\t\t<\/div>\n\t\t\t\t\t\t\t\t<\/div>\n\t\t\t\t\t\t\t\t\t<\/div>\n\t\t\t\t\t\t\t\t\t\t\t\t\t\t\t<div class=\"swiper-pagination\"><\/div>\n\t\t\t\t\t\t\t\t\t\t\t\t\t\t\t\t<div class=\"elementor-swiper-button elementor-swiper-button-prev\">\n\t\t\t\t\t\t\t<i aria-hidden=\"true\" class=\"eicon-chevron-left\"><\/i>\t\t\t\t\t\t\t<span class=\"elementor-screen-only\">Previous<\/span>\n\t\t\t\t\t\t<\/div>\n\t\t\t\t\t\t<div class=\"elementor-swiper-button elementor-swiper-button-next\">\n\t\t\t\t\t\t\t<i aria-hidden=\"true\" class=\"eicon-chevron-right\"><\/i>\t\t\t\t\t\t\t<span class=\"elementor-screen-only\">Next<\/span>\n\t\t\t\t\t\t<\/div>\n\t\t\t\t\t\t\t\t\t\t\t\t<\/div>\n\t\t<\/div>\n\t\t\t\t\t\t<\/div>\n\t\t\t\t<\/div>\n\t\t\t\t\t<\/div>\n\t\t<\/div>\n\t\t\t\t\t<\/div>\n\t\t<\/section>\n\t\t\t\t<\/div>\n\t\t","protected":false},"excerpt":{"rendered":"<p>Nos principaux financeurs : Un soutien essentiel pour r\u00e9aliser notre mission La Mission Locale de la Jeune Loire ne serait pas ce qu&rsquo;elle est aujourd&rsquo;hui sans le soutien solide et essentiel de nos principaux financeurs. Chacun de ces partenaires joue un r\u00f4le vital dans notre capacit\u00e9 \u00e0 guider, soutenir et inspirer les jeunes de notre r\u00e9gion vers un avenir prometteur. Nos cinq communaut\u00e9s de communes du bassin yssingelais sont les premiers architectes de notre succ\u00e8s. Leur engagement envers le d\u00e9veloppement des jeunes de notre bassin est un t\u00e9moignage de leur vision \u00e0 long terme et de leur d\u00e9vouement envers la prosp\u00e9rit\u00e9 de notre communaut\u00e9. Leur soutien financier renforce notre capacit\u00e9 \u00e0 atteindre plus de jeunes, \u00e0 cr\u00e9er des actions novatrices et \u00e0 renforcer les ponts entre les talents locaux et les opportunit\u00e9s professionnelles. L&rsquo;\u00c9tat, en reconnaissant l&rsquo;importance de notre mission, joue un r\u00f4le fondamental dans notre existence continue. Leur soutien financier est un gage de confiance envers notre capacit\u00e9 \u00e0 r\u00e9aliser un impact positif et durable dans la vie des jeunes que nous servons. Cette contribution t\u00e9moigne de la collaboration fructueuse entre les entit\u00e9s gouvernementales et les acteurs locaux pour fa\u00e7onner l&rsquo;avenir. Le Conseil R\u00e9gional et le Conseil D\u00e9partemental incarnent l&rsquo;engagement envers le d\u00e9veloppement holistique de notre territoire. Leur soutien financier refl\u00e8te leur compr\u00e9hension de l&rsquo;importance d&rsquo;une jeunesse \u00e9panouie pour la croissance locale. En investissant dans notre mission, ils investissent dans le potentiel des g\u00e9n\u00e9rations montantes. Le Fonds Social Europ\u00e9en (FSE) apporte une dimension exp\u00e9rimentale \u00e0 notre cause. Leur soutien d\u00e9montre l&rsquo;importance de la coop\u00e9ration pour relever les d\u00e9fis communs. Le FSE renforce notre capacit\u00e9 \u00e0 offrir des programmes de qualit\u00e9 qui non seulement soutiennent les jeunes individuellement, mais contribuent \u00e9galement \u00e0 renforcer le tissu social et \u00e9conomique de notre environnement. Chaque partenaire financier apporte un maillon essentiel \u00e0 la cha\u00eene du succ\u00e8s de la Mission Locale de la Jeune Loire. Leurs contributions ne se limitent pas au soutien financier, mais incluent \u00e9galement une marque de confiance et de reconnaissance envers notre mission. Nous sommes fiers de travailler main dans la main avec ces acteurs, car c&rsquo;est gr\u00e2ce \u00e0 leur engagement que nous sommes en mesure d&rsquo;\u00e9clairer le chemin des jeunes vers un avenir plus brillant. Ensemble, avec nos principaux financeurs, nous construisons une plateforme o\u00f9 les r\u00eaves des jeunes se transforment en r\u00e9alit\u00e9s tangibles. Leur soutien est un t\u00e9moignage de notre partenariat solide et de notre objectif partag\u00e9 de cr\u00e9er un avenir prosp\u00e8re pour notre les jeunes g\u00e9n\u00e9rations. Pour plus d\u2019information contactez la Mission Locale. Contactez-nous Nos principaux financeurs Previous Next<\/p>\n","protected":false},"author":1,"featured_media":0,"parent":0,"menu_order":0,"comment_status":"closed","ping_status":"closed","template":"elementor_header_footer","meta":{"footnotes":""},"class_list":["post-1433","page","type-page","status-publish","hentry","entry"],"_links":{"self":[{"href":"https:\/\/www.missionlocalejeuneloire.fr\/index.php\/wp-json\/wp\/v2\/pages\/1433","targetHints":{"allow":["GET"]}}],"collection":[{"href":"https:\/\/www.missionlocalejeuneloire.fr\/index.php\/wp-json\/wp\/v2\/pages"}],"about":[{"href":"https:\/\/www.missionlocalejeuneloire.fr\/index.php\/wp-json\/wp\/v2\/types\/page"}],"author":[{"embeddable":true,"href":"https:\/\/www.missionlocalejeuneloire.fr\/index.php\/wp-json\/wp\/v2\/users\/1"}],"replies":[{"embeddable":true,"href":"https:\/\/www.missionlocalejeuneloire.fr\/index.php\/wp-json\/wp\/v2\/comments?post=1433"}],"version-history":[{"count":1,"href":"https:\/\/www.missionlocalejeuneloire.fr\/index.php\/wp-json\/wp\/v2\/pages\/1433\/revisions"}],"predecessor-version":[{"id":5118,"href":"https:\/\/www.missionlocalejeuneloire.fr\/index.php\/wp-json\/wp\/v2\/pages\/1433\/revisions\/5118"}],"wp:attachment":[{"href":"https:\/\/www.missionlocalejeuneloire.fr\/index.php\/wp-json\/wp\/v2\/media?parent=1433"}],"curies":[{"name":"wp","href":"https:\/\/api.w.org\/{rel}","templated":true}]}}