{"id":1435,"date":"2023-08-25T13:16:05","date_gmt":"2023-08-25T11:16:05","guid":{"rendered":"https:\/\/www.missionlocalejeuneloire.fr\/?page_id=1435"},"modified":"2024-07-18T11:40:13","modified_gmt":"2024-07-18T09:40:13","slug":"point-relais-caf","status":"publish","type":"page","link":"https:\/\/www.missionlocalejeuneloire.fr\/index.php\/point-relais-caf\/","title":{"rendered":"Point relais CAF"},"content":{"rendered":"\t\t<div data-elementor-type=\"wp-page\" data-elementor-id=\"1435\" class=\"elementor elementor-1435\">\n\t\t\t\t\t\t<section class=\"elementor-section elementor-top-section elementor-element elementor-element-1f35eb2 elementor-section-boxed elementor-section-height-default elementor-section-height-default wpr-particle-no wpr-jarallax-no wpr-parallax-no wpr-sticky-section-no\" data-id=\"1f35eb2\" data-element_type=\"section\">\n\t\t\t\t\t\t<div class=\"elementor-container elementor-column-gap-default\">\n\t\t\t\t\t<div class=\"elementor-column elementor-col-33 elementor-top-column elementor-element elementor-element-25d2f06\" data-id=\"25d2f06\" data-element_type=\"column\">\n\t\t\t<div class=\"elementor-widget-wrap\">\n\t\t\t\t\t\t\t<\/div>\n\t\t<\/div>\n\t\t\t\t<div class=\"elementor-column elementor-col-33 elementor-top-column elementor-element elementor-element-b7652e2\" data-id=\"b7652e2\" data-element_type=\"column\">\n\t\t\t<div class=\"elementor-widget-wrap elementor-element-populated\">\n\t\t\t\t\t\t<div class=\"elementor-element elementor-element-3c8c30e elementor-widget elementor-widget-image\" data-id=\"3c8c30e\" data-element_type=\"widget\" data-widget_type=\"image.default\">\n\t\t\t\t<div class=\"elementor-widget-container\">\n\t\t\t\t\t\t\t\t\t\t\t\t\t\t\t<img fetchpriority=\"high\" decoding=\"async\" width=\"1024\" height=\"512\" src=\"https:\/\/www.missionlocalejeuneloire.fr\/wp-content\/uploads\/2024\/07\/point-relais-caf-1024x512.png\" class=\"attachment-large size-large wp-image-3650\" alt=\"\" srcset=\"https:\/\/www.missionlocalejeuneloire.fr\/wp-content\/uploads\/2024\/07\/point-relais-caf-1024x512.png 1024w, https:\/\/www.missionlocalejeuneloire.fr\/wp-content\/uploads\/2024\/07\/point-relais-caf-300x150.png 300w, https:\/\/www.missionlocalejeuneloire.fr\/wp-content\/uploads\/2024\/07\/point-relais-caf-768x384.png 768w, https:\/\/www.missionlocalejeuneloire.fr\/wp-content\/uploads\/2024\/07\/point-relais-caf-1536x768.png 1536w, https:\/\/www.missionlocalejeuneloire.fr\/wp-content\/uploads\/2024\/07\/point-relais-caf-2048x1024.png 2048w\" sizes=\"(max-width: 1024px) 100vw, 1024px\" \/>\t\t\t\t\t\t\t\t\t\t\t\t\t\t\t<\/div>\n\t\t\t\t<\/div>\n\t\t\t\t\t<\/div>\n\t\t<\/div>\n\t\t\t\t<div class=\"elementor-column elementor-col-33 elementor-top-column elementor-element elementor-element-c2e0a7f\" data-id=\"c2e0a7f\" data-element_type=\"column\">\n\t\t\t<div class=\"elementor-widget-wrap\">\n\t\t\t\t\t\t\t<\/div>\n\t\t<\/div>\n\t\t\t\t\t<\/div>\n\t\t<\/section>\n\t\t\t\t<section class=\"elementor-section elementor-top-section elementor-element elementor-element-3b0eb8f elementor-section-boxed elementor-section-height-default elementor-section-height-default wpr-particle-no wpr-jarallax-no wpr-parallax-no wpr-sticky-section-no\" data-id=\"3b0eb8f\" data-element_type=\"section\">\n\t\t\t\t\t\t<div class=\"elementor-container elementor-column-gap-default\">\n\t\t\t\t\t<div class=\"elementor-column elementor-col-100 elementor-top-column elementor-element elementor-element-49aa2c5\" data-id=\"49aa2c5\" data-element_type=\"column\">\n\t\t\t<div class=\"elementor-widget-wrap elementor-element-populated\">\n\t\t\t\t\t\t<div class=\"elementor-element elementor-element-f652519 elementor-widget elementor-widget-heading\" data-id=\"f652519\" data-element_type=\"widget\" data-widget_type=\"heading.default\">\n\t\t\t\t<div class=\"elementor-widget-container\">\n\t\t\t\t\t<h2 class=\"elementor-heading-title elementor-size-default\">Le Point Relais CAF de la Mission Locale : <br>Votre guide vers les avantages sociaux<\/h2>\t\t\t\t<\/div>\n\t\t\t\t<\/div>\n\t\t\t\t<div class=\"elementor-element elementor-element-a0384d4 elementor-widget elementor-widget-text-editor\" data-id=\"a0384d4\" data-element_type=\"widget\" data-widget_type=\"text-editor.default\">\n\t\t\t\t<div class=\"elementor-widget-container\">\n\t\t\t\t\t\t\t\t\t<p style=\"text-align: justify;\"><strong>Le Point Relais CAF<\/strong> est bien plus qu&rsquo;un simple lieu physique ; c&rsquo;est une passerelle essentielle entre vous et les avantages sociaux qui peuvent transformer votre quotidien. Que vous soyez en qu\u00eate d&rsquo;informations, d&rsquo;assistance pour vos d\u00e9marches administratives ou de conseils personnalis\u00e9s, le Point Relais CAF est l\u00e0 pour vous accompagner \u00e0 chaque \u00e9tape.<\/p><p style=\"text-align: justify;\">Notre engagement repose sur la conviction que l&rsquo;acc\u00e8s aux ressources et aux services sociaux devrait \u00eatre simple et accessible \u00e0 tous. La Mission Locale s\u2019inscrit comme interface entre les citoyens et la Caisse d&rsquo;Allocations Familiales (CAF), notre objectif premier est de vous aider \u00e0 naviguer dans le labyrinthe des prestations sociales, en vous fournissant les informations claires et \u00e0 jour dont vous avez besoin.<\/p><p style=\"text-align: justify;\">Lorsque vous franchissez les portes du Point Relais CAF, vous \u00eates accueillis par une \u00e9quipe chaleureuse et comp\u00e9tente. Les conseillers de la Mission Locale ont \u00e9t\u00e9 sp\u00e9cialement form\u00e9s pour r\u00e9pondre \u00e0 vos questions, r\u00e9soudre vos probl\u00e8mes et vous guider vers les solutions qui correspondent le mieux \u00e0 votre situation unique. Que vous ayez des interrogations sur les allocations familiales, les aides au logement, les prestations pour la petite enfance ou toute autre question li\u00e9e aux prestations sociales, nous sommes l\u00e0 pour vous fournir des r\u00e9ponses pr\u00e9cises et fiables.<\/p><p style=\"text-align: justify;\">Mais le Point Relais CAF ne se limite pas \u00e0 des conseils g\u00e9n\u00e9raux. Nous comprenons que chaque individu a des besoins sp\u00e9cifiques, et c&rsquo;est pourquoi nous vous proposons \u00e9galement des rendez-vous individuels pour discuter de votre situation personnelle en d\u00e9tail. Nos conseillers travailleront avec vous pour \u00e9laborer des solutions adapt\u00e9es \u00e0 vos besoins et vous aider \u00e0 optimiser les avantages auxquels vous avez droit.<\/p><p style=\"text-align: justify;\">Nous sommes fiers d&rsquo;\u00eatre le lien qui renforce la connexion entre les familles et les ressources qui les soutiennent. Que vous soyez parent, \u00e9tudiant, travailleur ind\u00e9pendant ou retrait\u00e9, le Point Relais CAF est \u00e0 vos c\u00f4t\u00e9s pour vous aider \u00e0 naviguer dans le paysage complexe des aides sociales et \u00e0 vous assurer que vous recevez tout ce \u00e0 quoi vous avez droit.<\/p><p style=\"text-align: justify;\"><strong>Le relais CAF de la Mission Locale est ouvert du lundi au vendredi uniquement le matin de 9h \u00e0 12h.<\/strong><\/p>\t\t\t\t\t\t\t\t<\/div>\n\t\t\t\t<\/div>\n\t\t\t\t<div class=\"elementor-element elementor-element-d0aa8dc elementor-widget elementor-widget-heading\" data-id=\"d0aa8dc\" data-element_type=\"widget\" data-widget_type=\"heading.default\">\n\t\t\t\t<div class=\"elementor-widget-container\">\n\t\t\t\t\t<h2 class=\"elementor-heading-title elementor-size-default\">Cette action vous int\u00e9resse, contactez la Mission Locale.<\/h2>\t\t\t\t<\/div>\n\t\t\t\t<\/div>\n\t\t\t\t<div class=\"elementor-element elementor-element-a3573c5 elementor-align-center elementor-widget elementor-widget-button\" data-id=\"a3573c5\" data-element_type=\"widget\" data-widget_type=\"button.default\">\n\t\t\t\t<div class=\"elementor-widget-container\">\n\t\t\t\t\t\t\t\t\t<div class=\"elementor-button-wrapper\">\n\t\t\t\t\t<a class=\"elementor-button elementor-button-link elementor-size-md elementor-animation-grow\" href=\"https:\/\/www.missionlocalejeuneloire.fr\/index.php\/contact\/\">\n\t\t\t\t\t\t<span class=\"elementor-button-content-wrapper\">\n\t\t\t\t\t\t\t\t\t<span class=\"elementor-button-text\">Contactez-nous<\/span>\n\t\t\t\t\t<\/span>\n\t\t\t\t\t<\/a>\n\t\t\t\t<\/div>\n\t\t\t\t\t\t\t\t<\/div>\n\t\t\t\t<\/div>\n\t\t\t\t<div class=\"elementor-element elementor-element-4bcacab elementor-widget elementor-widget-spacer\" data-id=\"4bcacab\" data-element_type=\"widget\" data-widget_type=\"spacer.default\">\n\t\t\t\t<div class=\"elementor-widget-container\">\n\t\t\t\t\t\t\t<div class=\"elementor-spacer\">\n\t\t\t<div class=\"elementor-spacer-inner\"><\/div>\n\t\t<\/div>\n\t\t\t\t\t\t<\/div>\n\t\t\t\t<\/div>\n\t\t\t\t\t<\/div>\n\t\t<\/div>\n\t\t\t\t\t<\/div>\n\t\t<\/section>\n\t\t\t\t<\/div>\n\t\t","protected":false},"excerpt":{"rendered":"<p>Le Point Relais CAF de la Mission Locale : Votre guide vers les avantages sociaux Le Point Relais CAF est bien plus qu&rsquo;un simple lieu physique ; c&rsquo;est une passerelle essentielle entre vous et les avantages sociaux qui peuvent transformer votre quotidien. Que vous soyez en qu\u00eate d&rsquo;informations, d&rsquo;assistance pour vos d\u00e9marches administratives ou de conseils personnalis\u00e9s, le Point Relais CAF est l\u00e0 pour vous accompagner \u00e0 chaque \u00e9tape. Notre engagement repose sur la conviction que l&rsquo;acc\u00e8s aux ressources et aux services sociaux devrait \u00eatre simple et accessible \u00e0 tous. La Mission Locale s\u2019inscrit comme interface entre les citoyens et la Caisse d&rsquo;Allocations Familiales (CAF), notre objectif premier est de vous aider \u00e0 naviguer dans le labyrinthe des prestations sociales, en vous fournissant les informations claires et \u00e0 jour dont vous avez besoin. Lorsque vous franchissez les portes du Point Relais CAF, vous \u00eates accueillis par une \u00e9quipe chaleureuse et comp\u00e9tente. Les conseillers de la Mission Locale ont \u00e9t\u00e9 sp\u00e9cialement form\u00e9s pour r\u00e9pondre \u00e0 vos questions, r\u00e9soudre vos probl\u00e8mes et vous guider vers les solutions qui correspondent le mieux \u00e0 votre situation unique. Que vous ayez des interrogations sur les allocations familiales, les aides au logement, les prestations pour la petite enfance ou toute autre question li\u00e9e aux prestations sociales, nous sommes l\u00e0 pour vous fournir des r\u00e9ponses pr\u00e9cises et fiables. Mais le Point Relais CAF ne se limite pas \u00e0 des conseils g\u00e9n\u00e9raux. Nous comprenons que chaque individu a des besoins sp\u00e9cifiques, et c&rsquo;est pourquoi nous vous proposons \u00e9galement des rendez-vous individuels pour discuter de votre situation personnelle en d\u00e9tail. Nos conseillers travailleront avec vous pour \u00e9laborer des solutions adapt\u00e9es \u00e0 vos besoins et vous aider \u00e0 optimiser les avantages auxquels vous avez droit. Nous sommes fiers d&rsquo;\u00eatre le lien qui renforce la connexion entre les familles et les ressources qui les soutiennent. Que vous soyez parent, \u00e9tudiant, travailleur ind\u00e9pendant ou retrait\u00e9, le Point Relais CAF est \u00e0 vos c\u00f4t\u00e9s pour vous aider \u00e0 naviguer dans le paysage complexe des aides sociales et \u00e0 vous assurer que vous recevez tout ce \u00e0 quoi vous avez droit. Le relais CAF de la Mission Locale est ouvert du lundi au vendredi uniquement le matin de 9h \u00e0 12h. Cette action vous int\u00e9resse, contactez la Mission Locale. Contactez-nous<\/p>\n","protected":false},"author":1,"featured_media":0,"parent":0,"menu_order":0,"comment_status":"closed","ping_status":"closed","template":"elementor_header_footer","meta":{"footnotes":""},"class_list":["post-1435","page","type-page","status-publish","hentry","entry"],"_links":{"self":[{"href":"https:\/\/www.missionlocalejeuneloire.fr\/index.php\/wp-json\/wp\/v2\/pages\/1435","targetHints":{"allow":["GET"]}}],"collection":[{"href":"https:\/\/www.missionlocalejeuneloire.fr\/index.php\/wp-json\/wp\/v2\/pages"}],"about":[{"href":"https:\/\/www.missionlocalejeuneloire.fr\/index.php\/wp-json\/wp\/v2\/types\/page"}],"author":[{"embeddable":true,"href":"https:\/\/www.missionlocalejeuneloire.fr\/index.php\/wp-json\/wp\/v2\/users\/1"}],"replies":[{"embeddable":true,"href":"https:\/\/www.missionlocalejeuneloire.fr\/index.php\/wp-json\/wp\/v2\/comments?post=1435"}],"version-history":[{"count":0,"href":"https:\/\/www.missionlocalejeuneloire.fr\/index.php\/wp-json\/wp\/v2\/pages\/1435\/revisions"}],"wp:attachment":[{"href":"https:\/\/www.missionlocalejeuneloire.fr\/index.php\/wp-json\/wp\/v2\/media?parent=1435"}],"curies":[{"name":"wp","href":"https:\/\/api.w.org\/{rel}","templated":true}]}}