{"id":1437,"date":"2023-08-25T13:16:24","date_gmt":"2023-08-25T11:16:24","guid":{"rendered":"https:\/\/www.missionlocalejeuneloire.fr\/?page_id=1437"},"modified":"2024-07-18T11:48:23","modified_gmt":"2024-07-18T09:48:23","slug":"code-de-la-route","status":"publish","type":"page","link":"https:\/\/www.missionlocalejeuneloire.fr\/index.php\/code-de-la-route\/","title":{"rendered":"D\u00e9clic Code de la Route"},"content":{"rendered":"\t\t<div data-elementor-type=\"wp-page\" data-elementor-id=\"1437\" class=\"elementor elementor-1437\">\n\t\t\t\t\t\t<section class=\"elementor-section elementor-top-section elementor-element elementor-element-7400f92 elementor-section-boxed elementor-section-height-default elementor-section-height-default wpr-particle-no wpr-jarallax-no wpr-parallax-no wpr-sticky-section-no\" data-id=\"7400f92\" data-element_type=\"section\">\n\t\t\t\t\t\t<div class=\"elementor-container elementor-column-gap-default\">\n\t\t\t\t\t<div class=\"elementor-column elementor-col-33 elementor-top-column elementor-element elementor-element-afa3b99\" data-id=\"afa3b99\" data-element_type=\"column\">\n\t\t\t<div class=\"elementor-widget-wrap\">\n\t\t\t\t\t\t\t<\/div>\n\t\t<\/div>\n\t\t\t\t<div class=\"elementor-column elementor-col-33 elementor-top-column elementor-element elementor-element-c8eb237\" data-id=\"c8eb237\" data-element_type=\"column\">\n\t\t\t<div class=\"elementor-widget-wrap elementor-element-populated\">\n\t\t\t\t\t\t<div class=\"elementor-element elementor-element-b2dfc3b elementor-widget elementor-widget-image\" data-id=\"b2dfc3b\" data-element_type=\"widget\" data-widget_type=\"image.default\">\n\t\t\t\t<div class=\"elementor-widget-container\">\n\t\t\t\t\t\t\t\t\t\t\t\t\t\t\t<img fetchpriority=\"high\" decoding=\"async\" width=\"1024\" height=\"512\" src=\"https:\/\/www.missionlocalejeuneloire.fr\/wp-content\/uploads\/2024\/07\/code-de-la-route-1024x512.png\" class=\"attachment-large size-large wp-image-3654\" alt=\"\" srcset=\"https:\/\/www.missionlocalejeuneloire.fr\/wp-content\/uploads\/2024\/07\/code-de-la-route-1024x512.png 1024w, https:\/\/www.missionlocalejeuneloire.fr\/wp-content\/uploads\/2024\/07\/code-de-la-route-300x150.png 300w, https:\/\/www.missionlocalejeuneloire.fr\/wp-content\/uploads\/2024\/07\/code-de-la-route-768x384.png 768w, https:\/\/www.missionlocalejeuneloire.fr\/wp-content\/uploads\/2024\/07\/code-de-la-route-1536x768.png 1536w, https:\/\/www.missionlocalejeuneloire.fr\/wp-content\/uploads\/2024\/07\/code-de-la-route-2048x1024.png 2048w\" sizes=\"(max-width: 1024px) 100vw, 1024px\" \/>\t\t\t\t\t\t\t\t\t\t\t\t\t\t\t<\/div>\n\t\t\t\t<\/div>\n\t\t\t\t\t<\/div>\n\t\t<\/div>\n\t\t\t\t<div class=\"elementor-column elementor-col-33 elementor-top-column elementor-element elementor-element-e7c29be\" data-id=\"e7c29be\" data-element_type=\"column\">\n\t\t\t<div class=\"elementor-widget-wrap\">\n\t\t\t\t\t\t\t<\/div>\n\t\t<\/div>\n\t\t\t\t\t<\/div>\n\t\t<\/section>\n\t\t\t\t<section class=\"elementor-section elementor-top-section elementor-element elementor-element-b9938b6 elementor-section-boxed elementor-section-height-default elementor-section-height-default wpr-particle-no wpr-jarallax-no wpr-parallax-no wpr-sticky-section-no\" data-id=\"b9938b6\" data-element_type=\"section\">\n\t\t\t\t\t\t<div class=\"elementor-container elementor-column-gap-default\">\n\t\t\t\t\t<div class=\"elementor-column elementor-col-100 elementor-top-column elementor-element elementor-element-7c03592\" data-id=\"7c03592\" data-element_type=\"column\">\n\t\t\t<div class=\"elementor-widget-wrap elementor-element-populated\">\n\t\t\t\t\t\t<div class=\"elementor-element elementor-element-6495833 elementor-widget elementor-widget-heading\" data-id=\"6495833\" data-element_type=\"widget\" data-widget_type=\"heading.default\">\n\t\t\t\t<div class=\"elementor-widget-container\">\n\t\t\t\t\t<h2 class=\"elementor-heading-title elementor-size-default\">D\u00e9clic :<br> la prestation Code de la Route anim\u00e9e par l\u2019AFPA<\/h2>\t\t\t\t<\/div>\n\t\t\t\t<\/div>\n\t\t\t\t<div class=\"elementor-element elementor-element-37c13e4 elementor-widget elementor-widget-text-editor\" data-id=\"37c13e4\" data-element_type=\"widget\" data-widget_type=\"text-editor.default\">\n\t\t\t\t<div class=\"elementor-widget-container\">\n\t\t\t\t\t\t\t\t\t<p style=\"text-align: justify;\">La route vers la libert\u00e9 de conduire commence par une \u00e9tape cruciale : la ma\u00eetrise du code de la route. La Mission Locale vous propose gratuitement cette aventure enrichissante gr\u00e2ce \u00e0 la prestation exceptionnelle d\u00e9di\u00e9e \u00e0 l&rsquo;apprentissage du code de la route anim\u00e9e par L&rsquo;AFPA (Agence nationale pour la Formation Professionnelle des Adultes).<\/p><p style=\"text-align: justify;\">Lorsque vous choisissez la prestation code de la route anim\u00e9e par l&rsquo;AFPA, vous choisissez bien plus qu&rsquo;une simple pr\u00e9paration \u00e0 l&rsquo;examen. Vous choisissez une exp\u00e9rience anim\u00e9e, engageante et dynamique qui vous propulse vers la compr\u00e9hension approfondie des r\u00e8gles de circulation et de s\u00e9curit\u00e9 routi\u00e8re.<\/p><p style=\"text-align: justify;\">L\u2019approche que nous proposons repose sur l&rsquo;interactivit\u00e9 et l&rsquo;apprentissage actif. Nous comprenons que le code de la route peut sembler complexe, mais les experts d\u00e9vou\u00e9s de l\u2019AFPA sont l\u00e0 pour vous guider \u00e0 travers chaque \u00e9tape. Gr\u00e2ce \u00e0 des sessions de formation interactives, des simulations de situations de conduite et des s\u00e9ances pratiques, vous allez acqu\u00e9rir une compr\u00e9hension pratique du code de la route, pr\u00e9parant ainsi le terrain pour votre succ\u00e8s \u00e0 l&rsquo;examen.<\/p><p style=\"text-align: justify;\">L&rsquo;apprentissage devient une exp\u00e9rience immersive gr\u00e2ce \u00e0 des supports visuels captivants, des mises en situations r\u00e9alistes et des discussions stimulantes. Vous aurez l&rsquo;opportunit\u00e9 d&rsquo;explorer des sc\u00e9narios routiers vari\u00e9s, de d\u00e9battre sur des questions cruciales de s\u00e9curit\u00e9 et d&rsquo;approfondir vos connaissances gr\u00e2ce \u00e0 des activit\u00e9s pratiques. Notre objectif est de vous aider \u00e0 int\u00e9grer les r\u00e8gles du code de la route de mani\u00e8re naturelle, pour que vous puissiez non seulement r\u00e9ussir votre examen, mais aussi devenir un conducteur averti et responsable.<\/p><p style=\"text-align: justify;\">Ce n&rsquo;est pas seulement l&rsquo;apprentissage du code de la route, c&rsquo;est une aventure \u00e9ducative qui vous pr\u00e9pare \u00e0 prendre la route en toute confiance. Que vous soyez novice ou que vous souhaitiez actualiser vos connaissances, la prestation code de la route AFPA est con\u00e7ue pour r\u00e9pondre \u00e0 vos besoins uniques.<\/p><p style=\"text-align: justify;\"><strong>Prestation GRATUITE.<\/strong><\/p><p style=\"text-align: center;\"><strong>Si vous \u00eates int\u00e9ress\u00e9s contactez la Mission Locale.<\/strong><\/p>\t\t\t\t\t\t\t\t<\/div>\n\t\t\t\t<\/div>\n\t\t\t\t<div class=\"elementor-element elementor-element-9eb6bfd elementor-align-center elementor-widget elementor-widget-button\" data-id=\"9eb6bfd\" data-element_type=\"widget\" data-widget_type=\"button.default\">\n\t\t\t\t<div class=\"elementor-widget-container\">\n\t\t\t\t\t\t\t\t\t<div class=\"elementor-button-wrapper\">\n\t\t\t\t\t<a class=\"elementor-button elementor-button-link elementor-size-md elementor-animation-grow\" href=\"https:\/\/www.missionlocalejeuneloire.fr\/index.php\/contact\/\">\n\t\t\t\t\t\t<span class=\"elementor-button-content-wrapper\">\n\t\t\t\t\t\t\t\t\t<span class=\"elementor-button-text\">Contactez-nous<\/span>\n\t\t\t\t\t<\/span>\n\t\t\t\t\t<\/a>\n\t\t\t\t<\/div>\n\t\t\t\t\t\t\t\t<\/div>\n\t\t\t\t<\/div>\n\t\t\t\t<div class=\"elementor-element elementor-element-7c79af2 elementor-widget elementor-widget-spacer\" data-id=\"7c79af2\" data-element_type=\"widget\" data-widget_type=\"spacer.default\">\n\t\t\t\t<div class=\"elementor-widget-container\">\n\t\t\t\t\t\t\t<div class=\"elementor-spacer\">\n\t\t\t<div class=\"elementor-spacer-inner\"><\/div>\n\t\t<\/div>\n\t\t\t\t\t\t<\/div>\n\t\t\t\t<\/div>\n\t\t\t\t\t<\/div>\n\t\t<\/div>\n\t\t\t\t\t<\/div>\n\t\t<\/section>\n\t\t\t\t<\/div>\n\t\t","protected":false},"excerpt":{"rendered":"<p>D\u00e9clic : la prestation Code de la Route anim\u00e9e par l\u2019AFPA La route vers la libert\u00e9 de conduire commence par une \u00e9tape cruciale : la ma\u00eetrise du code de la route. La Mission Locale vous propose gratuitement cette aventure enrichissante gr\u00e2ce \u00e0 la prestation exceptionnelle d\u00e9di\u00e9e \u00e0 l&rsquo;apprentissage du code de la route anim\u00e9e par L&rsquo;AFPA (Agence nationale pour la Formation Professionnelle des Adultes). Lorsque vous choisissez la prestation code de la route anim\u00e9e par l&rsquo;AFPA, vous choisissez bien plus qu&rsquo;une simple pr\u00e9paration \u00e0 l&rsquo;examen. Vous choisissez une exp\u00e9rience anim\u00e9e, engageante et dynamique qui vous propulse vers la compr\u00e9hension approfondie des r\u00e8gles de circulation et de s\u00e9curit\u00e9 routi\u00e8re. L\u2019approche que nous proposons repose sur l&rsquo;interactivit\u00e9 et l&rsquo;apprentissage actif. Nous comprenons que le code de la route peut sembler complexe, mais les experts d\u00e9vou\u00e9s de l\u2019AFPA sont l\u00e0 pour vous guider \u00e0 travers chaque \u00e9tape. Gr\u00e2ce \u00e0 des sessions de formation interactives, des simulations de situations de conduite et des s\u00e9ances pratiques, vous allez acqu\u00e9rir une compr\u00e9hension pratique du code de la route, pr\u00e9parant ainsi le terrain pour votre succ\u00e8s \u00e0 l&rsquo;examen. L&rsquo;apprentissage devient une exp\u00e9rience immersive gr\u00e2ce \u00e0 des supports visuels captivants, des mises en situations r\u00e9alistes et des discussions stimulantes. Vous aurez l&rsquo;opportunit\u00e9 d&rsquo;explorer des sc\u00e9narios routiers vari\u00e9s, de d\u00e9battre sur des questions cruciales de s\u00e9curit\u00e9 et d&rsquo;approfondir vos connaissances gr\u00e2ce \u00e0 des activit\u00e9s pratiques. Notre objectif est de vous aider \u00e0 int\u00e9grer les r\u00e8gles du code de la route de mani\u00e8re naturelle, pour que vous puissiez non seulement r\u00e9ussir votre examen, mais aussi devenir un conducteur averti et responsable. Ce n&rsquo;est pas seulement l&rsquo;apprentissage du code de la route, c&rsquo;est une aventure \u00e9ducative qui vous pr\u00e9pare \u00e0 prendre la route en toute confiance. Que vous soyez novice ou que vous souhaitiez actualiser vos connaissances, la prestation code de la route AFPA est con\u00e7ue pour r\u00e9pondre \u00e0 vos besoins uniques. Prestation GRATUITE. Si vous \u00eates int\u00e9ress\u00e9s contactez la Mission Locale. Contactez-nous<\/p>\n","protected":false},"author":1,"featured_media":0,"parent":0,"menu_order":0,"comment_status":"closed","ping_status":"closed","template":"elementor_header_footer","meta":{"footnotes":""},"class_list":["post-1437","page","type-page","status-publish","hentry","entry"],"_links":{"self":[{"href":"https:\/\/www.missionlocalejeuneloire.fr\/index.php\/wp-json\/wp\/v2\/pages\/1437","targetHints":{"allow":["GET"]}}],"collection":[{"href":"https:\/\/www.missionlocalejeuneloire.fr\/index.php\/wp-json\/wp\/v2\/pages"}],"about":[{"href":"https:\/\/www.missionlocalejeuneloire.fr\/index.php\/wp-json\/wp\/v2\/types\/page"}],"author":[{"embeddable":true,"href":"https:\/\/www.missionlocalejeuneloire.fr\/index.php\/wp-json\/wp\/v2\/users\/1"}],"replies":[{"embeddable":true,"href":"https:\/\/www.missionlocalejeuneloire.fr\/index.php\/wp-json\/wp\/v2\/comments?post=1437"}],"version-history":[{"count":0,"href":"https:\/\/www.missionlocalejeuneloire.fr\/index.php\/wp-json\/wp\/v2\/pages\/1437\/revisions"}],"wp:attachment":[{"href":"https:\/\/www.missionlocalejeuneloire.fr\/index.php\/wp-json\/wp\/v2\/media?parent=1437"}],"curies":[{"name":"wp","href":"https:\/\/api.w.org\/{rel}","templated":true}]}}