{"id":2462,"date":"2023-09-04T16:45:18","date_gmt":"2023-09-04T14:45:18","guid":{"rendered":"https:\/\/www.missionlocalejeuneloire.fr\/?page_id=2462"},"modified":"2023-09-21T09:47:30","modified_gmt":"2023-09-21T07:47:30","slug":"sinscrire-en-ligne","status":"publish","type":"page","link":"https:\/\/www.missionlocalejeuneloire.fr\/index.php\/sinscrire-en-ligne\/","title":{"rendered":"S\u2019inscrire en ligne"},"content":{"rendered":"\t\t<div data-elementor-type=\"wp-page\" data-elementor-id=\"2462\" class=\"elementor elementor-2462\">\n\t\t\t\t\t\t<section class=\"elementor-section elementor-top-section elementor-element elementor-element-7b24fca elementor-section-boxed elementor-section-height-default elementor-section-height-default wpr-particle-no wpr-jarallax-no wpr-parallax-no wpr-sticky-section-no\" data-id=\"7b24fca\" data-element_type=\"section\">\n\t\t\t\t\t\t<div class=\"elementor-container elementor-column-gap-default\">\n\t\t\t\t\t<div class=\"elementor-column elementor-col-100 elementor-top-column elementor-element elementor-element-1449609\" data-id=\"1449609\" data-element_type=\"column\" data-settings=\"{&quot;background_background&quot;:&quot;classic&quot;}\">\n\t\t\t<div class=\"elementor-widget-wrap elementor-element-populated\">\n\t\t\t\t\t\t<div class=\"elementor-element elementor-element-6bd03e8 elementor-widget elementor-widget-heading\" data-id=\"6bd03e8\" data-element_type=\"widget\" data-widget_type=\"heading.default\">\n\t\t\t\t<div class=\"elementor-widget-container\">\n\t\t\t\t\t<h2 class=\"elementor-heading-title elementor-size-default\">Comment s\u2019inscrire \u00e0 la Mission Locale ?<\/h2>\t\t\t\t<\/div>\n\t\t\t\t<\/div>\n\t\t\t\t\t<\/div>\n\t\t<\/div>\n\t\t\t\t\t<\/div>\n\t\t<\/section>\n\t\t\t\t<section class=\"elementor-section elementor-top-section elementor-element elementor-element-a731615 elementor-section-boxed elementor-section-height-default elementor-section-height-default wpr-particle-no wpr-jarallax-no wpr-parallax-no wpr-sticky-section-no\" data-id=\"a731615\" data-element_type=\"section\">\n\t\t\t\t\t\t<div class=\"elementor-container elementor-column-gap-default\">\n\t\t\t\t\t<div class=\"elementor-column elementor-col-100 elementor-top-column elementor-element elementor-element-36e5b90\" data-id=\"36e5b90\" data-element_type=\"column\">\n\t\t\t<div class=\"elementor-widget-wrap elementor-element-populated\">\n\t\t\t\t\t\t<div class=\"elementor-element elementor-element-fa9b62b elementor-widget elementor-widget-image\" data-id=\"fa9b62b\" data-element_type=\"widget\" data-widget_type=\"image.default\">\n\t\t\t\t<div class=\"elementor-widget-container\">\n\t\t\t\t\t\t\t\t\t\t\t\t\t\t\t<img fetchpriority=\"high\" decoding=\"async\" width=\"980\" height=\"370\" src=\"https:\/\/www.missionlocalejeuneloire.fr\/wp-content\/uploads\/2023\/09\/inscription-mission-locale.jpg\" class=\"attachment-large size-large wp-image-2467\" alt=\"\" srcset=\"https:\/\/www.missionlocalejeuneloire.fr\/wp-content\/uploads\/2023\/09\/inscription-mission-locale.jpg 980w, https:\/\/www.missionlocalejeuneloire.fr\/wp-content\/uploads\/2023\/09\/inscription-mission-locale-300x113.jpg 300w, https:\/\/www.missionlocalejeuneloire.fr\/wp-content\/uploads\/2023\/09\/inscription-mission-locale-768x290.jpg 768w, https:\/\/www.missionlocalejeuneloire.fr\/wp-content\/uploads\/2023\/09\/inscription-mission-locale-600x227.jpg 600w\" sizes=\"(max-width: 980px) 100vw, 980px\" \/>\t\t\t\t\t\t\t\t\t\t\t\t\t\t\t<\/div>\n\t\t\t\t<\/div>\n\t\t\t\t<div class=\"elementor-element elementor-element-0ea2695 elementor-widget elementor-widget-spacer\" data-id=\"0ea2695\" data-element_type=\"widget\" data-widget_type=\"spacer.default\">\n\t\t\t\t<div class=\"elementor-widget-container\">\n\t\t\t\t\t\t\t<div class=\"elementor-spacer\">\n\t\t\t<div class=\"elementor-spacer-inner\"><\/div>\n\t\t<\/div>\n\t\t\t\t\t\t<\/div>\n\t\t\t\t<\/div>\n\t\t\t\t<div class=\"elementor-element elementor-element-f2ddcf6 elementor-widget elementor-widget-text-editor\" data-id=\"f2ddcf6\" data-element_type=\"widget\" data-widget_type=\"text-editor.default\">\n\t\t\t\t<div class=\"elementor-widget-container\">\n\t\t\t\t\t\t\t\t\t<h2>Les crit\u00e8res d\u2019inscription<\/h2><p>La mission locale accompagne les jeunes de 16 \u00e0 25 ans r\u00e9volus sortis du syst\u00e8me scolaire.<\/p><h2>Les documents demand\u00e9s \u00e0 l\u2019inscription<\/h2><ul><li>Une pi\u00e8ce d\u2019identit\u00e9, un titre de s\u00e9jour ou un r\u00e9c\u00e9piss\u00e9 autorisant \u00e0 travailler.<\/li><li>La Carte vitale.<\/li><li>Une attestation d\u2019autorisation parentale pour les mineurs<\/li><li>De la bonne humeur et de l\u2019envie <img decoding=\"async\" class=\"emoji\" draggable=\"false\" src=\"https:\/\/s.w.org\/images\/core\/emoji\/11\/svg\/1f642.svg\" alt=\"\ud83d\ude42\" \/> !<\/li><li>Un RIB \u00e0 votre nom.<\/li><\/ul><h2>L\u2019antenne dont je d\u00e9pends<\/h2><p>L\u2019antenne de la <strong><span class=\"wixui-rich-text__text\">Mission Locale de la Jeune Loire et ses Rivi\u00e8res<\/span><\/strong>.<\/p><h2>Je m\u2019inscris en ligne<\/h2><p style=\"text-align: center;\"><strong>Vous pouvez vous inscrire en ligne en cliquant sur ce bouton !<br \/><\/strong><\/p>\t\t\t\t\t\t\t\t<\/div>\n\t\t\t\t<\/div>\n\t\t\t\t<div class=\"elementor-element elementor-element-7f3ebdd elementor-align-center elementor-invisible elementor-widget elementor-widget-button\" data-id=\"7f3ebdd\" data-element_type=\"widget\" data-settings=\"{&quot;_animation&quot;:&quot;fadeInDown&quot;}\" data-widget_type=\"button.default\">\n\t\t\t\t<div class=\"elementor-widget-container\">\n\t\t\t\t\t\t\t\t\t<div class=\"elementor-button-wrapper\">\n\t\t\t\t\t<a class=\"elementor-button elementor-button-link elementor-size-md elementor-animation-grow\" href=\"https:\/\/www.missionlocalejeuneloire.fr\/index.php\/formulaire-dinscription\/\">\n\t\t\t\t\t\t<span class=\"elementor-button-content-wrapper\">\n\t\t\t\t\t\t<span class=\"elementor-button-icon\">\n\t\t\t\t<i aria-hidden=\"true\" class=\"far fa-address-card\"><\/i>\t\t\t<\/span>\n\t\t\t\t\t\t\t\t\t<span class=\"elementor-button-text\">Formulaire d'inscription<\/span>\n\t\t\t\t\t<\/span>\n\t\t\t\t\t<\/a>\n\t\t\t\t<\/div>\n\t\t\t\t\t\t\t\t<\/div>\n\t\t\t\t<\/div>\n\t\t\t\t<div class=\"elementor-element elementor-element-c1ccce6 elementor-widget elementor-widget-spacer\" data-id=\"c1ccce6\" data-element_type=\"widget\" data-widget_type=\"spacer.default\">\n\t\t\t\t<div class=\"elementor-widget-container\">\n\t\t\t\t\t\t\t<div class=\"elementor-spacer\">\n\t\t\t<div class=\"elementor-spacer-inner\"><\/div>\n\t\t<\/div>\n\t\t\t\t\t\t<\/div>\n\t\t\t\t<\/div>\n\t\t\t\t\t<\/div>\n\t\t<\/div>\n\t\t\t\t\t<\/div>\n\t\t<\/section>\n\t\t\t\t<\/div>\n\t\t","protected":false},"excerpt":{"rendered":"<p>Comment s\u2019inscrire \u00e0 la Mission Locale ? Les crit\u00e8res d\u2019inscription La mission locale accompagne les jeunes de 16 \u00e0 25 ans r\u00e9volus sortis du syst\u00e8me scolaire. Les documents demand\u00e9s \u00e0 l\u2019inscription Une pi\u00e8ce d\u2019identit\u00e9, un titre de s\u00e9jour ou un r\u00e9c\u00e9piss\u00e9 autorisant \u00e0 travailler. La Carte vitale. Une attestation d\u2019autorisation parentale pour les mineurs De la bonne humeur et de l\u2019envie ! Un RIB \u00e0 votre nom. L\u2019antenne dont je d\u00e9pends L\u2019antenne de la Mission Locale de la Jeune Loire et ses Rivi\u00e8res. Je m\u2019inscris en ligne Vous pouvez vous inscrire en ligne en cliquant sur ce bouton ! Formulaire d&rsquo;inscription<\/p>\n","protected":false},"author":1,"featured_media":0,"parent":0,"menu_order":0,"comment_status":"closed","ping_status":"closed","template":"elementor_header_footer","meta":{"footnotes":""},"class_list":["post-2462","page","type-page","status-publish","hentry","entry"],"_links":{"self":[{"href":"https:\/\/www.missionlocalejeuneloire.fr\/index.php\/wp-json\/wp\/v2\/pages\/2462","targetHints":{"allow":["GET"]}}],"collection":[{"href":"https:\/\/www.missionlocalejeuneloire.fr\/index.php\/wp-json\/wp\/v2\/pages"}],"about":[{"href":"https:\/\/www.missionlocalejeuneloire.fr\/index.php\/wp-json\/wp\/v2\/types\/page"}],"author":[{"embeddable":true,"href":"https:\/\/www.missionlocalejeuneloire.fr\/index.php\/wp-json\/wp\/v2\/users\/1"}],"replies":[{"embeddable":true,"href":"https:\/\/www.missionlocalejeuneloire.fr\/index.php\/wp-json\/wp\/v2\/comments?post=2462"}],"version-history":[{"count":0,"href":"https:\/\/www.missionlocalejeuneloire.fr\/index.php\/wp-json\/wp\/v2\/pages\/2462\/revisions"}],"wp:attachment":[{"href":"https:\/\/www.missionlocalejeuneloire.fr\/index.php\/wp-json\/wp\/v2\/media?parent=2462"}],"curies":[{"name":"wp","href":"https:\/\/api.w.org\/{rel}","templated":true}]}}