{"id":2520,"date":"2023-09-04T18:21:29","date_gmt":"2023-09-04T16:21:29","guid":{"rendered":"https:\/\/www.missionlocalejeuneloire.fr\/?page_id=2520"},"modified":"2023-09-21T09:45:39","modified_gmt":"2023-09-21T07:45:39","slug":"en-savoir-la-mission-locale","status":"publish","type":"page","link":"https:\/\/www.missionlocalejeuneloire.fr\/index.php\/en-savoir-la-mission-locale\/","title":{"rendered":"En savoir + la mission locale"},"content":{"rendered":"\t\t<div data-elementor-type=\"wp-page\" data-elementor-id=\"2520\" class=\"elementor elementor-2520\">\n\t\t\t\t\t\t<section class=\"elementor-section elementor-top-section elementor-element elementor-element-306ea60 elementor-section-boxed elementor-section-height-default elementor-section-height-default wpr-particle-no wpr-jarallax-no wpr-parallax-no\" data-id=\"306ea60\" data-element_type=\"section\">\n\t\t\t\t\t\t<div class=\"elementor-container elementor-column-gap-default\">\n\t\t\t\t\t<div class=\"elementor-column elementor-col-100 elementor-top-column elementor-element elementor-element-d57fa66\" data-id=\"d57fa66\" data-element_type=\"column\" data-settings=\"{&quot;background_background&quot;:&quot;classic&quot;}\">\n\t\t\t<div class=\"elementor-widget-wrap elementor-element-populated\">\n\t\t\t\t\t\t<div class=\"elementor-element elementor-element-fb8d0e7 elementor-widget elementor-widget-heading\" data-id=\"fb8d0e7\" data-element_type=\"widget\" data-widget_type=\"heading.default\">\n\t\t\t\t<div class=\"elementor-widget-container\">\n\t\t\t\t\t<h2 class=\"elementor-heading-title elementor-size-default\">La Mission Locale<\/h2>\t\t\t\t<\/div>\n\t\t\t\t<\/div>\n\t\t\t\t<div class=\"elementor-element elementor-element-ea5a201 elementor-widget elementor-widget-image\" data-id=\"ea5a201\" data-element_type=\"widget\" data-widget_type=\"image.default\">\n\t\t\t\t<div class=\"elementor-widget-container\">\n\t\t\t\t\t\t\t\t\t\t\t\t\t\t\t<img decoding=\"async\" width=\"240\" height=\"96\" src=\"https:\/\/www.missionlocalejeuneloire.fr\/wp-content\/uploads\/2023\/08\/logo-ml-yssingeaux-transp300.webp\" class=\"attachment-large size-large wp-image-1274\" alt=\"\" \/>\t\t\t\t\t\t\t\t\t\t\t\t\t\t\t<\/div>\n\t\t\t\t<\/div>\n\t\t\t\t\t<\/div>\n\t\t<\/div>\n\t\t\t\t\t<\/div>\n\t\t<\/section>\n\t\t\t\t<section class=\"elementor-section elementor-top-section elementor-element elementor-element-03cf8b6 elementor-section-boxed elementor-section-height-default elementor-section-height-default wpr-particle-no wpr-jarallax-no wpr-parallax-no wpr-sticky-section-no\" data-id=\"03cf8b6\" data-element_type=\"section\">\n\t\t\t\t\t\t<div class=\"elementor-container elementor-column-gap-default\">\n\t\t\t\t\t<div class=\"elementor-column elementor-col-100 elementor-top-column elementor-element elementor-element-5704de3\" data-id=\"5704de3\" data-element_type=\"column\">\n\t\t\t<div class=\"elementor-widget-wrap elementor-element-populated\">\n\t\t\t\t\t\t<div class=\"elementor-element elementor-element-c045a6b elementor-widget elementor-widget-text-editor\" data-id=\"c045a6b\" data-element_type=\"widget\" data-widget_type=\"text-editor.default\">\n\t\t\t\t<div class=\"elementor-widget-container\">\n\t\t\t\t\t\t\t\t\t<p><strong>La Mission Locale, implant\u00e9e \u00e0 :<\/strong><\/p><div id=\"comp-kbkln657\" class=\"KcpHeO tz5f0K comp-kbkln657 wixui-rich-text\" data-testid=\"richTextElement\"><p class=\"font_0 wixui-rich-text__text\"><span class=\"wixui-rich-text__text\">P\u00f4le Services Crisselle<\/span><br class=\"wixui-rich-text__text\" \/><span class=\"wixui-rich-text__text\">Rue du P\u00eacher<\/span><br class=\"wixui-rich-text__text\" \/><span class=\"wixui-rich-text__text\">43200 Yssingeaux<\/span><\/p><\/div><p><strong>assure des permanences hebdomadaires pr\u00e8s de chez vous (au sein des services emploi municipaux ou dans les points d\u2019accueil mis \u00e0 disposition par la mairie).<\/strong><\/p><p>La Mission Locale accompagne les jeunes de 16 \u00e0 25 ans en recherche d\u2019une insertion sociale et professionnelle.<\/p><ul><li>Un conseil personnalis\u00e9 et suivi dans le temps sur les champs professionnels et sociaux (emploi formation, sant\u00e9, logement, loisirs).<\/li><li>Un accompagnement dans la mise en \u0153uvre des \u00e9tapes pour concr\u00e9tiser et valider une id\u00e9e ou un projet : programme d\u2019orientation professionnelle, stages en entreprise, parrainage, actions de formation\u2026<\/li><li>Une identification des potentiels sociaux et professionnels afin de mieux se conna\u00eetre et faire conna\u00eetre ses atouts et motivations.<\/li><li>Une prospection de l\u2019environnement \u00e9conomique pour faciliter l\u2019acc\u00e8s \u00e0 l\u2019emploi des jeunes.<\/li><li>Des moyens pour rechercher des solutions aux probl\u00e8mes : acc\u00e8s au t\u00e9l\u00e9phone, \u00e0 Internet, des ressources documentaires, des offres d\u2019emploi ou de formation.<\/li><\/ul>\t\t\t\t\t\t\t\t<\/div>\n\t\t\t\t<\/div>\n\t\t\t\t<div class=\"elementor-element elementor-element-dfac755 elementor-widget elementor-widget-spacer\" data-id=\"dfac755\" data-element_type=\"widget\" data-widget_type=\"spacer.default\">\n\t\t\t\t<div class=\"elementor-widget-container\">\n\t\t\t\t\t\t\t<div class=\"elementor-spacer\">\n\t\t\t<div class=\"elementor-spacer-inner\"><\/div>\n\t\t<\/div>\n\t\t\t\t\t\t<\/div>\n\t\t\t\t<\/div>\n\t\t\t\t\t<\/div>\n\t\t<\/div>\n\t\t\t\t\t<\/div>\n\t\t<\/section>\n\t\t\t\t<\/div>\n\t\t","protected":false},"excerpt":{"rendered":"<p>La Mission Locale La Mission Locale, implant\u00e9e \u00e0 : P\u00f4le Services CrisselleRue du P\u00eacher43200 Yssingeaux assure des permanences hebdomadaires pr\u00e8s de chez vous (au sein des services emploi municipaux ou dans les points d\u2019accueil mis \u00e0 disposition par la mairie). La Mission Locale accompagne les jeunes de 16 \u00e0 25 ans en recherche d\u2019une insertion sociale et professionnelle. Un conseil personnalis\u00e9 et suivi dans le temps sur les champs professionnels et sociaux (emploi formation, sant\u00e9, logement, loisirs). Un accompagnement dans la mise en \u0153uvre des \u00e9tapes pour concr\u00e9tiser et valider une id\u00e9e ou un projet : programme d\u2019orientation professionnelle, stages en entreprise, parrainage, actions de formation\u2026 Une identification des potentiels sociaux et professionnels afin de mieux se conna\u00eetre et faire conna\u00eetre ses atouts et motivations. Une prospection de l\u2019environnement \u00e9conomique pour faciliter l\u2019acc\u00e8s \u00e0 l\u2019emploi des jeunes. Des moyens pour rechercher des solutions aux probl\u00e8mes : acc\u00e8s au t\u00e9l\u00e9phone, \u00e0 Internet, des ressources documentaires, des offres d\u2019emploi ou de formation.<\/p>\n","protected":false},"author":1,"featured_media":0,"parent":0,"menu_order":0,"comment_status":"closed","ping_status":"closed","template":"elementor_header_footer","meta":{"footnotes":""},"class_list":["post-2520","page","type-page","status-publish","hentry","entry"],"_links":{"self":[{"href":"https:\/\/www.missionlocalejeuneloire.fr\/index.php\/wp-json\/wp\/v2\/pages\/2520","targetHints":{"allow":["GET"]}}],"collection":[{"href":"https:\/\/www.missionlocalejeuneloire.fr\/index.php\/wp-json\/wp\/v2\/pages"}],"about":[{"href":"https:\/\/www.missionlocalejeuneloire.fr\/index.php\/wp-json\/wp\/v2\/types\/page"}],"author":[{"embeddable":true,"href":"https:\/\/www.missionlocalejeuneloire.fr\/index.php\/wp-json\/wp\/v2\/users\/1"}],"replies":[{"embeddable":true,"href":"https:\/\/www.missionlocalejeuneloire.fr\/index.php\/wp-json\/wp\/v2\/comments?post=2520"}],"version-history":[{"count":0,"href":"https:\/\/www.missionlocalejeuneloire.fr\/index.php\/wp-json\/wp\/v2\/pages\/2520\/revisions"}],"wp:attachment":[{"href":"https:\/\/www.missionlocalejeuneloire.fr\/index.php\/wp-json\/wp\/v2\/media?parent=2520"}],"curies":[{"name":"wp","href":"https:\/\/api.w.org\/{rel}","templated":true}]}}