{"id":3368,"date":"2024-01-16T11:36:28","date_gmt":"2024-01-16T10:36:28","guid":{"rendered":"https:\/\/www.missionlocalejeuneloire.fr\/?page_id=3368"},"modified":"2024-04-03T16:32:09","modified_gmt":"2024-04-03T14:32:09","slug":"bilan-de-competence","status":"publish","type":"page","link":"https:\/\/www.missionlocalejeuneloire.fr\/index.php\/bilan-de-competence\/","title":{"rendered":"Bilan de comp\u00e9tences"},"content":{"rendered":"\t\t<div data-elementor-type=\"wp-page\" data-elementor-id=\"3368\" class=\"elementor elementor-3368\">\n\t\t\t\t\t\t<section class=\"elementor-section elementor-top-section elementor-element elementor-element-450d960 elementor-section-boxed elementor-section-height-default elementor-section-height-default wpr-particle-no wpr-jarallax-no wpr-parallax-no wpr-sticky-section-no\" data-id=\"450d960\" data-element_type=\"section\">\n\t\t\t\t\t\t<div class=\"elementor-container elementor-column-gap-default\">\n\t\t\t\t\t<div class=\"elementor-column elementor-col-100 elementor-top-column elementor-element elementor-element-e884c31\" data-id=\"e884c31\" data-element_type=\"column\">\n\t\t\t<div class=\"elementor-widget-wrap\">\n\t\t\t\t\t\t\t<\/div>\n\t\t<\/div>\n\t\t\t\t\t<\/div>\n\t\t<\/section>\n\t\t\t\t<section class=\"elementor-section elementor-top-section elementor-element elementor-element-ff6561f elementor-section-boxed elementor-section-height-default elementor-section-height-default wpr-particle-no wpr-jarallax-no wpr-parallax-no wpr-sticky-section-no\" data-id=\"ff6561f\" data-element_type=\"section\">\n\t\t\t\t\t\t<div class=\"elementor-container elementor-column-gap-default\">\n\t\t\t\t\t<div class=\"elementor-column elementor-col-100 elementor-top-column elementor-element elementor-element-d66ab34\" data-id=\"d66ab34\" data-element_type=\"column\">\n\t\t\t<div class=\"elementor-widget-wrap elementor-element-populated\">\n\t\t\t\t\t\t<div class=\"elementor-element elementor-element-8716c7c elementor-widget elementor-widget-image\" data-id=\"8716c7c\" data-element_type=\"widget\" data-widget_type=\"image.default\">\n\t\t\t\t<div class=\"elementor-widget-container\">\n\t\t\t\t\t\t\t\t\t\t\t\t\t\t\t<img fetchpriority=\"high\" decoding=\"async\" width=\"1536\" height=\"768\" src=\"https:\/\/www.missionlocalejeuneloire.fr\/wp-content\/uploads\/2024\/02\/banniere-bilan-de-competence-1-1536x768.png\" class=\"attachment-1536x1536 size-1536x1536 wp-image-3430\" alt=\"\" srcset=\"https:\/\/www.missionlocalejeuneloire.fr\/wp-content\/uploads\/2024\/02\/banniere-bilan-de-competence-1-1536x768.png 1536w, https:\/\/www.missionlocalejeuneloire.fr\/wp-content\/uploads\/2024\/02\/banniere-bilan-de-competence-1-300x150.png 300w, https:\/\/www.missionlocalejeuneloire.fr\/wp-content\/uploads\/2024\/02\/banniere-bilan-de-competence-1-1024x512.png 1024w, https:\/\/www.missionlocalejeuneloire.fr\/wp-content\/uploads\/2024\/02\/banniere-bilan-de-competence-1-768x384.png 768w, https:\/\/www.missionlocalejeuneloire.fr\/wp-content\/uploads\/2024\/02\/banniere-bilan-de-competence-1-2048x1024.png 2048w\" sizes=\"(max-width: 1536px) 100vw, 1536px\" \/>\t\t\t\t\t\t\t\t\t\t\t\t\t\t\t<\/div>\n\t\t\t\t<\/div>\n\t\t\t\t<div class=\"elementor-element elementor-element-4ba8c3c elementor-widget elementor-widget-heading\" data-id=\"4ba8c3c\" data-element_type=\"widget\" data-widget_type=\"heading.default\">\n\t\t\t\t<div class=\"elementor-widget-container\">\n\t\t\t\t\t<h2 class=\"elementor-heading-title elementor-size-default\">Analyse ton potentiel avec notre <br>Bilan de Comp\u00e9tences Gratuit pour les 16-25 ans !<\/h2>\t\t\t\t<\/div>\n\t\t\t\t<\/div>\n\t\t\t\t<div class=\"elementor-element elementor-element-00373db elementor-widget elementor-widget-text-editor\" data-id=\"00373db\" data-element_type=\"widget\" data-widget_type=\"text-editor.default\">\n\t\t\t\t<div class=\"elementor-widget-container\">\n\t\t\t\t\t\t\t\t\t<p><span style=\"color: #003366;\"><b>Donne un coup de pouce \u00e0 ton avenir !<\/b>\u00a0\u00c0 la Mission Locale, nous croyons en tes capacit\u00e9s\u00a0! C&rsquo;est pourquoi notre Bilan de Comp\u00e9tences, sp\u00e9cialement con\u00e7u pour les jeunes de 16 \u00e0 25 ans, est anim\u00e9 par une conseill\u00e8re habilit\u00e9e \u00e0 guider ta r\u00e9flexion.<\/span><\/p><p><span style=\"color: #003366;\"><b>Explore tes talents cach\u00e9s :<\/b>\u00a0Accompagn\u00e9 par notre conseill\u00e8re d\u00e9vou\u00e9e, tu auras l&rsquo;opportunit\u00e9 d&rsquo;explorer tes comp\u00e9tences, int\u00e9r\u00eats et aspirations. D\u00e9couvre ce qui te passionne vraiment afin d\u2019entreprendre \u00a0une carri\u00e8re \u00e9panouissante.<\/span><\/p><p><span style=\"color: #003366;\"><b>Trace ta voie professionnelle :<\/b>\u00a0Notre conseill\u00e8re experte te guidera dans la d\u00e9finition d\u2019un projet professionnel clair et r\u00e9alisable \u00a0Une synth\u00e8se, compos\u00e9e d\u2019un plan d\u2019action, te sera remise afin de t\u2019aider \u00e0 atteindre tes objectifs.<\/span><\/p><p><span style=\"color: #003366;\"><b>Connais-toi pour r\u00e9ussir :<\/b>\u00a0Apprends \u00e0 mieux te conna\u00eetre, \u00e0 identifier tes forces et \u00e0 surmonter les d\u00e9fis. Notre conseill\u00e8re d\u00e9di\u00e9e te fournira un soutien personnalis\u00e9 pour renforcer ta confiance en toi et t\u2019aider \u00e0 ta r\u00e9ussite.<\/span><\/p><p><span style=\"color: #003366;\"><b>C&rsquo;est gratuit pour toi !<\/b>\u00a0Parce que nous croyons en l&rsquo;importance d&rsquo;investir dans la jeunesse, notre Bilan de Comp\u00e9tences est offert gracieusement. Ne laisse pas passer cette opportunit\u00e9 exceptionnelle d&rsquo;explorer ton potentiel sans frais.<\/span><\/p><p><span style=\"color: #003366;\"><b>R\u00e9serve ta place d\u00e8s maintenant :<\/b>\u00a0Les places sont limit\u00e9es, alors assure-toi de r\u00e9server ta session de Bilan de Comp\u00e9tences d\u00e8s aujourd&rsquo;hui. Contacte la Mission Locale pour planifier un rendez-vous avec notre conseill\u00e8re d\u00e9vou\u00e9e, pr\u00eate \u00e0 t&rsquo;aider \u00e0 d\u00e9finir ton avenir professionnel.<\/span><\/p><p class=\"elementtoproof\"><span style=\"color: #003366;\"><b>Investis dans ton avenir avec confiance.<\/b>\u00a0Nous sommes l\u00e0 pour t\u2019accompagner \u00e0 chaque \u00e9tape du chemin.<\/span><\/p><p><strong>Le relais CAF de la Mission Locale est ouvert du lundi au vendredi uniquement le matin de 9h \u00e0 12h.<\/strong><\/p>\t\t\t\t\t\t\t\t<\/div>\n\t\t\t\t<\/div>\n\t\t\t\t<div class=\"elementor-element elementor-element-9e3ed6d elementor-widget elementor-widget-heading\" data-id=\"9e3ed6d\" data-element_type=\"widget\" data-widget_type=\"heading.default\">\n\t\t\t\t<div class=\"elementor-widget-container\">\n\t\t\t\t\t<h2 class=\"elementor-heading-title elementor-size-default\">Cette action vous int\u00e9resse, contactez la Mission Locale.<\/h2>\t\t\t\t<\/div>\n\t\t\t\t<\/div>\n\t\t\t\t<div class=\"elementor-element elementor-element-20a59a6 elementor-align-center elementor-widget elementor-widget-button\" data-id=\"20a59a6\" data-element_type=\"widget\" data-widget_type=\"button.default\">\n\t\t\t\t<div class=\"elementor-widget-container\">\n\t\t\t\t\t\t\t\t\t<div class=\"elementor-button-wrapper\">\n\t\t\t\t\t<a class=\"elementor-button elementor-button-link elementor-size-md elementor-animation-grow\" href=\"https:\/\/www.missionlocalejeuneloire.fr\/index.php\/contact\/\">\n\t\t\t\t\t\t<span class=\"elementor-button-content-wrapper\">\n\t\t\t\t\t\t\t\t\t<span class=\"elementor-button-text\">Contactez-nous<\/span>\n\t\t\t\t\t<\/span>\n\t\t\t\t\t<\/a>\n\t\t\t\t<\/div>\n\t\t\t\t\t\t\t\t<\/div>\n\t\t\t\t<\/div>\n\t\t\t\t\t<\/div>\n\t\t<\/div>\n\t\t\t\t\t<\/div>\n\t\t<\/section>\n\t\t\t\t<\/div>\n\t\t","protected":false},"excerpt":{"rendered":"<p>Analyse ton potentiel avec notre Bilan de Comp\u00e9tences Gratuit pour les 16-25 ans ! Donne un coup de pouce \u00e0 ton avenir !\u00a0\u00c0 la Mission Locale, nous croyons en tes capacit\u00e9s\u00a0! C&rsquo;est pourquoi notre Bilan de Comp\u00e9tences, sp\u00e9cialement con\u00e7u pour les jeunes de 16 \u00e0 25 ans, est anim\u00e9 par une conseill\u00e8re habilit\u00e9e \u00e0 guider ta r\u00e9flexion. Explore tes talents cach\u00e9s :\u00a0Accompagn\u00e9 par notre conseill\u00e8re d\u00e9vou\u00e9e, tu auras l&rsquo;opportunit\u00e9 d&rsquo;explorer tes comp\u00e9tences, int\u00e9r\u00eats et aspirations. D\u00e9couvre ce qui te passionne vraiment afin d\u2019entreprendre \u00a0une carri\u00e8re \u00e9panouissante. Trace ta voie professionnelle :\u00a0Notre conseill\u00e8re experte te guidera dans la d\u00e9finition d\u2019un projet professionnel clair et r\u00e9alisable \u00a0Une synth\u00e8se, compos\u00e9e d\u2019un plan d\u2019action, te sera remise afin de t\u2019aider \u00e0 atteindre tes objectifs. Connais-toi pour r\u00e9ussir :\u00a0Apprends \u00e0 mieux te conna\u00eetre, \u00e0 identifier tes forces et \u00e0 surmonter les d\u00e9fis. Notre conseill\u00e8re d\u00e9di\u00e9e te fournira un soutien personnalis\u00e9 pour renforcer ta confiance en toi et t\u2019aider \u00e0 ta r\u00e9ussite. C&rsquo;est gratuit pour toi !\u00a0Parce que nous croyons en l&rsquo;importance d&rsquo;investir dans la jeunesse, notre Bilan de Comp\u00e9tences est offert gracieusement. Ne laisse pas passer cette opportunit\u00e9 exceptionnelle d&rsquo;explorer ton potentiel sans frais. R\u00e9serve ta place d\u00e8s maintenant :\u00a0Les places sont limit\u00e9es, alors assure-toi de r\u00e9server ta session de Bilan de Comp\u00e9tences d\u00e8s aujourd&rsquo;hui. Contacte la Mission Locale pour planifier un rendez-vous avec notre conseill\u00e8re d\u00e9vou\u00e9e, pr\u00eate \u00e0 t&rsquo;aider \u00e0 d\u00e9finir ton avenir professionnel. Investis dans ton avenir avec confiance.\u00a0Nous sommes l\u00e0 pour t\u2019accompagner \u00e0 chaque \u00e9tape du chemin. Le relais CAF de la Mission Locale est ouvert du lundi au vendredi uniquement le matin de 9h \u00e0 12h. Cette action vous int\u00e9resse, contactez la Mission Locale. Contactez-nous<\/p>\n","protected":false},"author":1,"featured_media":0,"parent":0,"menu_order":0,"comment_status":"closed","ping_status":"closed","template":"elementor_header_footer","meta":{"footnotes":""},"class_list":["post-3368","page","type-page","status-publish","hentry","entry"],"_links":{"self":[{"href":"https:\/\/www.missionlocalejeuneloire.fr\/index.php\/wp-json\/wp\/v2\/pages\/3368","targetHints":{"allow":["GET"]}}],"collection":[{"href":"https:\/\/www.missionlocalejeuneloire.fr\/index.php\/wp-json\/wp\/v2\/pages"}],"about":[{"href":"https:\/\/www.missionlocalejeuneloire.fr\/index.php\/wp-json\/wp\/v2\/types\/page"}],"author":[{"embeddable":true,"href":"https:\/\/www.missionlocalejeuneloire.fr\/index.php\/wp-json\/wp\/v2\/users\/1"}],"replies":[{"embeddable":true,"href":"https:\/\/www.missionlocalejeuneloire.fr\/index.php\/wp-json\/wp\/v2\/comments?post=3368"}],"version-history":[{"count":0,"href":"https:\/\/www.missionlocalejeuneloire.fr\/index.php\/wp-json\/wp\/v2\/pages\/3368\/revisions"}],"wp:attachment":[{"href":"https:\/\/www.missionlocalejeuneloire.fr\/index.php\/wp-json\/wp\/v2\/media?parent=3368"}],"curies":[{"name":"wp","href":"https:\/\/api.w.org\/{rel}","templated":true}]}}